{"id":82,"date":"2022-07-06T19:07:31","date_gmt":"2022-07-06T19:07:31","guid":{"rendered":"https:\/\/cereclimen.umcs.pl\/cce-cis-conferences\/edition2022\/?page_id=82"},"modified":"2022-10-22T16:00:13","modified_gmt":"2022-10-22T14:00:13","slug":"lokalne-informacje","status":"publish","type":"page","link":"https:\/\/cereclimen.umcs.pl\/cce-cis-conferences\/edition2022\/?page_id=82&lang=pl","title":{"rendered":"Informacje lokalne"},"content":{"rendered":"\n<section id=\"gm6792448\" class=\"wp-block-gutentor-m3 section-gm6792448 gutentor-module gutentor-container-cover\"><div class=\"grid-container\">\n<div id=\"section-g55d2c5\" class=\"wp-block-gutentor-e1 section-g55d2c5 gutentor-element gutentor-element-advanced-text text-align-center-desktop text-align-center-tablet text-align-center-mobile\"><div class=\"gutentor-text-wrap\"><h2 class=\"gutentor-text\">KONTAKT<\/h2><\/div><\/div>\n\n\n\n<section id=\"gm18e3786\" class=\"wp-block-gutentor-m4 section-gm18e3786 gutentor-module gutentor-advanced-columns gutentor-equal-column-height\"><div class=\"grid-container\"><div class=\"grid-row\">\n<div id=\"col-gmde23e1\" class=\"wp-block-gutentor-m4-col col-gmde23e1 gutentor-single-column  grid-lg-6 grid-md-12 grid-12\"><div id=\"section-gmde23e1\" class=\"section-gmde23e1 gutentor-col-wrap\">\n<div id=\"section-g2931c4\" class=\"wp-block-gutentor-e6 section-g2931c4 gutentor-element gutentor-element-image\"><div class=\"gutentor-element-image-box\"><div class=\"gutentor-image-thumb\"><img decoding=\"async\" class=\"normal-image\" src=\"https:\/\/cereclimen.umcs.pl\/cce-cis-conferences\/edition2022\/wp-content\/uploads\/2022\/09\/ECOTECHCOMPLEX.jpg\" \/><\/div><\/div><\/div>\n<\/div><\/div>\n\n\n\n<div id=\"col-gm82715e\" class=\"wp-block-gutentor-m4-col col-gm82715e gutentor-single-column  grid-lg-6 grid-md-12 grid-12\"><div id=\"section-gm82715e\" class=\"section-gm82715e gutentor-col-wrap\">\n<div id=\"section-g2a3db0\" class=\"wp-block-gutentor-e1 section-g2a3db0 gutentor-element gutentor-element-advanced-text\"><div class=\"gutentor-text-wrap\"><h2 class=\"gutentor-text\"><strong>SIEDZIBA CENTRUM BADA\u0143 ZMIAN KLIMATU I \u015aRODOWISKA UMCS<\/strong> <\/h2><\/div><\/div>\n\n\n\n<div id=\"section-g97d965\" class=\"wp-block-gutentor-e1 section-g97d965 gutentor-element gutentor-element-advanced-text\"><div class=\"gutentor-text-wrap\"><p class=\"gutentor-text\"><br>EcoTech-Complex Centrum Analityczno-Programowe dla Zaawansowanych Technologii Przyjaznych \u015arodowisku<br><br>ul. G\u0142\u0119boka 39, 20-612 Lublin<\/p><\/div><\/div>\n<\/div><\/div>\n<\/div><\/div><\/section>\n\n\n\n<section id=\"gmd732ae8\" class=\"wp-block-gutentor-m4 section-gmd732ae8 gutentor-module gutentor-advanced-columns gutentor-equal-column-height\"><div class=\"grid-container\"><div class=\"grid-row\">\n<div id=\"col-gme74477\" class=\"wp-block-gutentor-m4-col col-gme74477 gutentor-single-column  grid-lg-6 grid-md-12 grid-12\"><div id=\"section-gme74477\" class=\"section-gme74477 gutentor-col-wrap\"><div class=\"forminator-ui forminator-custom-form forminator-custom-form-3019 forminator-design--flat  forminator_ajax\" data-forminator-render=\"0\" data-form=\"forminator-module-3019\" data-uid=\"69dffbda6f37b\"><br\/><\/div><form\n\t\t\t\tid=\"forminator-module-3019\"\n\t\t\t\tclass=\"forminator-ui forminator-custom-form forminator-custom-form-3019 forminator-design--flat  forminator_ajax\"\n\t\t\t\tmethod=\"post\"\n\t\t\t\tdata-forminator-render=\"0\"\n\t\t\t\tdata-form-id=\"3019\"\n\t\t\t\t data-color-option=\"default\" data-design=\"flat\" data-grid=\"open\" style=\"display: none;\"\n\t\t\t\tdata-uid=\"69dffbda6f37b\"\n\t\t\t><div role=\"alert\" aria-live=\"polite\" class=\"forminator-response-message forminator-error\" aria-hidden=\"true\"><\/div><div class=\"forminator-row\"><div id=\"name-1\" class=\"forminator-field-name forminator-col forminator-col-12 \"><div class=\"forminator-field\"><label for=\"forminator-field-name-1_69dffbda6f37b\" id=\"forminator-field-name-1_69dffbda6f37b-label\" class=\"forminator-label\">Nazwa \/ Imi\u0119 i nazwisko <span class=\"forminator-required\">*<\/span><\/label><input type=\"text\" name=\"name-1\" value=\"\" placeholder=\"\" id=\"forminator-field-name-1_69dffbda6f37b\" class=\"forminator-input forminator-name--field\" aria-required=\"true\" autocomplete=\"name\" \/><\/div><\/div><\/div><div class=\"forminator-row\"><div id=\"email-1\" class=\"forminator-field-email forminator-col forminator-col-6 \"><div class=\"forminator-field\"><label for=\"forminator-field-email-1_69dffbda6f37b\" id=\"forminator-field-email-1_69dffbda6f37b-label\" class=\"forminator-label\">Email <span class=\"forminator-required\">*<\/span><\/label><input type=\"email\" name=\"email-1\" value=\"\" placeholder=\"\" id=\"forminator-field-email-1_69dffbda6f37b\" class=\"forminator-input forminator-email--field\" data-required=\"true\" aria-required=\"true\" autocomplete=\"email\" \/><\/div><\/div><div id=\"phone-1\" class=\"forminator-field-phone forminator-col forminator-col-6 \"><div class=\"forminator-field\"><label for=\"forminator-field-phone-1_69dffbda6f37b\" id=\"forminator-field-phone-1_69dffbda6f37b-label\" class=\"forminator-label\">Telefon<\/label><input type=\"text\" name=\"phone-1\" value=\"\" placeholder=\"\" id=\"forminator-field-phone-1_69dffbda6f37b\" class=\"forminator-input forminator-field--phone\" data-required=\"\" aria-required=\"false\" autocomplete=\"off\" \/><\/div><\/div><\/div><div class=\"forminator-row\"><div id=\"textarea-1\" class=\"forminator-field-textarea forminator-col forminator-col-12 \"><div class=\"forminator-field\"><label for=\"forminator-field-textarea-1_69dffbda6f37b\" id=\"forminator-field-textarea-1_69dffbda6f37b-label\" class=\"forminator-label\">Wiadomo\u015b\u0107 <span class=\"forminator-required\">*<\/span><\/label><textarea name=\"textarea-1\" placeholder=\"\" id=\"forminator-field-textarea-1_69dffbda6f37b\" class=\"forminator-textarea\" rows=\"6\" style=\"min-height:140px;\" maxlength=\"2000\" ><\/textarea><span id=\"forminator-field-textarea-1_69dffbda6f37b-description\" class=\"forminator-description\"><span data-limit=\"2000\" data-type=\"characters\" data-editor=\"\">0 \/ 2000<\/span><\/span><\/div><\/div><\/div><input type=\"hidden\" name=\"referer_url\" value=\"\" \/><div class=\"forminator-row forminator-row-last\"><div class=\"forminator-col\"><div class=\"forminator-field\"><button class=\"forminator-button forminator-button-submit\">Wy\u015blij wiadomo\u015b\u0107<\/button><\/div><\/div><\/div><input type=\"hidden\" id=\"forminator_nonce\" name=\"forminator_nonce\" value=\"c30c908163\" \/><input type=\"hidden\" name=\"_wp_http_referer\" value=\"\/cce-cis-conferences\/edition2022\/index.php?rest_route=%2Fwp%2Fv2%2Fpages%2F82\" \/><input type=\"hidden\" name=\"form_id\" value=\"3019\"><input type=\"hidden\" name=\"page_id\" value=\"82\"><input type=\"hidden\" name=\"form_type\" value=\"default\"><input type=\"hidden\" name=\"current_url\" value=\"https:\/\/cereclimen.umcs.pl\/cce-cis-conferences\/edition2022\/?page_id=82&#038;lang=pl\"><input type=\"hidden\" name=\"render_id\" value=\"0\"><input type=\"hidden\" name=\"action\" value=\"forminator_submit_form_custom-forms\"><\/form>\n<\/div><\/div>\n\n\n\n<div id=\"col-gma65715\" class=\"wp-block-gutentor-m4-col col-gma65715 gutentor-single-column  grid-lg-6 grid-md-12 grid-12\"><div id=\"section-gma65715\" class=\"section-gma65715 gutentor-col-wrap\">\n<iframe src=\"https:\/\/www.google.com\/maps\/embed?pb=!1m18!1m12!1m3!1d2497.5490957286347!2d22.528514315647787!3d51.245798637617675!2m3!1f0!2f0!3f0!3m2!1i1024!2i768!4f13.1!3m3!1m2!1s0x472259d9e9947c7b%3A0xa44a6e4a5c0ba7b8!2sEcotech%20Complex%20UMCS!5e0!3m2!1spl!2spl!4v1657712489121!5m2!1spl!2spl\" width=\"100%\" height=\"500px\" style=\"border:0\" allowfullscreen=\"\" loading=\"lazy\" referrerpolicy=\"no-referrer-when-downgrade\"><\/iframe>\n<\/div><\/div>\n<\/div><\/div><\/section>\n<\/div><\/section>\n\n\n\n<section id=\"gme694a94\" class=\"wp-block-gutentor-m3 alignfull section-gme694a94 gutentor-module gutentor-container-cover has-color-bg has-custom-bg\"><div class=\"grid-container\">\n<div id=\"section-g08a231\" class=\"wp-block-gutentor-e1 section-g08a231 gutentor-element gutentor-element-advanced-text text-align-center-desktop text-align-center-tablet text-align-center-mobile\"><div class=\"gutentor-text-wrap\"><h1 class=\"gutentor-text\">INFORMACJE o LUBLINIE<\/h1><\/div><\/div>\n\n\n\n<section id=\"gm7a9ddd1\" class=\"wp-block-gutentor-m4 section-gm7a9ddd1 gutentor-module gutentor-advanced-columns gutentor-equal-column-height\"><div class=\"grid-container\"><div class=\"grid-row\">\n<div id=\"col-gm824245\" class=\"wp-block-gutentor-m4-col col-gm824245 gutentor-single-column  grid-lg-6 grid-md-12 grid-12\"><div id=\"section-gm824245\" class=\"section-gm824245 gutentor-col-wrap\">\n<section id=\"gm76c794e\" class=\"wp-block-gutentor-m3 section-gm76c794e gutentor-module gutentor-container-cover has-color-bg has-custom-bg\"><div class=\"grid-container\">\n<div id=\"section-g3b27aa\" class=\"wp-block-gutentor-e5 section-g3b27aa gutentor-element gutentor-element-icon gutentor-icon-default text-align-center-desktop text-align-center-tablet text-align-center-mobile\"><div class=\"gutentor-element-icon-box\"><i class=\"fas fa-h-square\"><\/i><\/div><\/div>\n\n\n\n<div id=\"section-ga668dd\" class=\"wp-block-gutentor-e2 section-ga668dd gutentor-element gutentor-element-button button-align-center-desktop button-align-center-tablet button-align-center-mobile\"><span class=\"gutentor-button-wrap\"><a class=\"gutentor-button gutentor-block-button gutentor-icon-hide\" href=\"https:\/\/cereclimen.umcs.pl\/cce-cis-conferences\/edition2022\/?page_id=2978&amp;lang=pl\" rel=\"https:\/\/cereclimen.umcs.pl\/cce-cis-conferences\/edition2022\/?page_id=1976&amp;lang=en&amp;part=1\"><i class=\"gutentor-button-icon fas fa-book\"><\/i><span><strong>ZAKWATEROWANIE<\/strong> <\/span><\/a><\/span><\/div>\n<\/div><\/section>\n<\/div><\/div>\n\n\n\n<div id=\"col-gmfc4b91\" class=\"wp-block-gutentor-m4-col col-gmfc4b91 gutentor-single-column  grid-lg-6 grid-md-12 grid-12\"><div id=\"section-gmfc4b91\" class=\"section-gmfc4b91 gutentor-col-wrap\">\n<section id=\"gm7e0f2f5\" class=\"wp-block-gutentor-m3 section-gm7e0f2f5 gutentor-module gutentor-container-cover has-color-bg has-custom-bg\"><div class=\"grid-container\">\n<div id=\"section-gd790fd\" class=\"wp-block-gutentor-e5 section-gd790fd gutentor-element gutentor-element-icon gutentor-icon-default text-align-center-desktop text-align-center-tablet text-align-center-mobile\"><div class=\"gutentor-element-icon-box\"><i class=\"fas fa-university\"><\/i><\/div><\/div>\n\n\n\n<div id=\"section-g8a8461\" class=\"wp-block-gutentor-e2 section-g8a8461 gutentor-element gutentor-element-button button-align-center-desktop button-align-center-tablet button-align-center-mobile\"><span class=\"gutentor-button-wrap\"><a class=\"gutentor-button gutentor-block-button gutentor-icon-hide\" href=\"https:\/\/cereclimen.umcs.pl\/cce-cis-conferences\/edition2022\/?page_id=3010&amp;lang=pl\" rel=\"https:\/\/cereclimen.umcs.pl\/cce-cis-conferences\/edition2022\/?page_id=1976&amp;lang=en&amp;part=2\"><i class=\"gutentor-button-icon fas fa-book\"><\/i><span><strong>ATRAKCJE LUBLINA<\/strong> <\/span><\/a><\/span><\/div>\n<\/div><\/section>\n<\/div><\/div>\n<\/div><\/div><\/section>\n<\/div><\/section>\n","protected":false},"excerpt":{"rendered":"","protected":false},"author":1,"featured_media":0,"parent":0,"menu_order":0,"comment_status":"closed","ping_status":"closed","template":"","meta":{"footnotes":""},"class_list":["post-82","page","type-page","status-publish","hentry"],"mb":[],"mfb_rest_fields":["title"],"_links":{"self":[{"href":"https:\/\/cereclimen.umcs.pl\/cce-cis-conferences\/edition2022\/index.php?rest_route=\/wp\/v2\/pages\/82","targetHints":{"allow":["GET"]}}],"collection":[{"href":"https:\/\/cereclimen.umcs.pl\/cce-cis-conferences\/edition2022\/index.php?rest_route=\/wp\/v2\/pages"}],"about":[{"href":"https:\/\/cereclimen.umcs.pl\/cce-cis-conferences\/edition2022\/index.php?rest_route=\/wp\/v2\/types\/page"}],"author":[{"embeddable":true,"href":"https:\/\/cereclimen.umcs.pl\/cce-cis-conferences\/edition2022\/index.php?rest_route=\/wp\/v2\/users\/1"}],"replies":[{"embeddable":true,"href":"https:\/\/cereclimen.umcs.pl\/cce-cis-conferences\/edition2022\/index.php?rest_route=%2Fwp%2Fv2%2Fcomments&post=82"}],"version-history":[{"count":256,"href":"https:\/\/cereclimen.umcs.pl\/cce-cis-conferences\/edition2022\/index.php?rest_route=\/wp\/v2\/pages\/82\/revisions"}],"predecessor-version":[{"id":5116,"href":"https:\/\/cereclimen.umcs.pl\/cce-cis-conferences\/edition2022\/index.php?rest_route=\/wp\/v2\/pages\/82\/revisions\/5116"}],"wp:attachment":[{"href":"https:\/\/cereclimen.umcs.pl\/cce-cis-conferences\/edition2022\/index.php?rest_route=%2Fwp%2Fv2%2Fmedia&parent=82"}],"curies":[{"name":"wp","href":"https:\/\/api.w.org\/{rel}","templated":true}]}}