{"id":74,"date":"2022-07-06T19:06:42","date_gmt":"2022-07-06T19:06:42","guid":{"rendered":"https:\/\/cereclimen.umcs.pl\/cce-cis-conferences\/edition2022\/?page_id=74"},"modified":"2022-11-24T10:30:05","modified_gmt":"2022-11-24T08:30:05","slug":"wazne-terminy","status":"publish","type":"page","link":"https:\/\/cereclimen.umcs.pl\/cce-cis-conferences\/edition2022\/?page_id=74&lang=pl","title":{"rendered":"Terminy"},"content":{"rendered":"\n<div id=\"section-gb1305a\" class=\"wp-block-gutentor-e1 section-gb1305a gutentor-element gutentor-element-advanced-text text-align-center-desktop text-align-center-tablet text-align-center-mobile\"><div class=\"gutentor-text-wrap\"><h2 class=\"gutentor-text\">TERMINY<\/h2><\/div><\/div>\n\n\n\n<div id=\"section-g7815d6\" class=\"wp-block-gutentor-e1 section-g7815d6 gutentor-element gutentor-element-advanced-text text-align-center-desktop text-align-center-tablet text-align-center-mobile\"><div class=\"gutentor-text-wrap\"><p class=\"gutentor-text\"><strong>(DEADLINE DATES)<\/strong><\/p><\/div><\/div>\n\n\n\n<section id=\"gm186e7ec\" class=\"wp-block-gutentor-m3 section-gm186e7ec gutentor-module gutentor-container-cover\"><div class=\"grid-container\">\n<section id=\"section-6a0b529f-4438-4604-9039-883872e4b8d7\" class=\"wp-block-gutentor-timeline gutentor-section gutentor-timeline cssanimations timeline-template1\"><div class=\"grid-container\"><div class=\"gutentor-grid-item-wrap\"><div class=\"gutentor-timeline-wrapper\"><div class=\"gutentor-single-item gutentor-single-item-0 gutentor-even\"><div class=\"gutentor-timeline-item\"><div class=\"gutentor-single-item-wrap\"><div class=\"gutentor-timeline-item-circle\"><\/div><div class=\"gutentor-single-item-wrapper\"><div class=\"gutentor-single-item-content gutentor-timeline-item-content\"><div class=\"gutentor-timeline-item-org-title\"><h5 class=\"gutentor-timeline-item-duration\"><strong>3 listopada 2022<\/strong><\/h5><\/div><h3 class=\"gutentor-single-item-title\"><strong>Start rejestracji Uczestnik\u00f3w na konferencj\u0119 CCE-CIS 2022<\/strong><\/h3><p class=\"gutentor-single-item-desc\">Rejestracja Uczestnik\u00f3w na konferencj\u0119 b\u0119dzie trwa\u0142a od 3 listopada 2022 do 23 listopada 2022<\/p><\/div><\/div><\/div><\/div><\/div><div class=\"gutentor-single-item gutentor-single-item-1 gutentor-odd\"><div class=\"gutentor-timeline-item\"><div class=\"gutentor-single-item-wrap\"><div class=\"gutentor-timeline-item-circle\"><\/div><div class=\"gutentor-single-item-wrapper\"><div class=\"gutentor-single-item-content gutentor-timeline-item-content\"><div class=\"gutentor-timeline-item-org-title\"><h5 class=\"gutentor-timeline-item-duration\"><strong>3 listopada 2022<\/strong><\/h5><\/div><h3 class=\"gutentor-single-item-title\"><strong>Rozpocz\u0119cie naboru propozycji wyst\u0105pie\u0144 i poster\u00f3w<\/strong><\/h3><p class=\"gutentor-single-item-desc\">Nab\u00f3r propozycji wyst\u0105pie\u0144 i poster\u00f3w b\u0119dzie trwa\u0142 od 3 listopada 2022 do 23 listopada 2022<\/p><\/div><\/div><\/div><\/div><\/div><div class=\"gutentor-single-item gutentor-single-item-2 gutentor-even\"><div class=\"gutentor-timeline-item\"><div class=\"gutentor-single-item-wrap\"><div class=\"gutentor-timeline-item-circle\"><\/div><div class=\"gutentor-single-item-wrapper\"><div class=\"gutentor-single-item-content gutentor-timeline-item-content\"><div class=\"gutentor-timeline-item-org-title\"><h5 class=\"gutentor-timeline-item-duration\"><strong><s>23 listopada 2022<\/s><\/strong><br><strong>30 listopada 2022<\/strong><\/h5><\/div><h3 class=\"gutentor-single-item-title\"><strong>Zako\u0144czenie naboru propozycji wyst\u0105pie\u0144\/poster\u00f3w <\/strong><\/h3><p class=\"gutentor-single-item-desc\">Prosimy o przesy\u0142anie propozycji wyst\u0105pie\u0144 i poster\u00f3w za pomoc\u0105 <a href=\"https:\/\/cereclimen.umcs.pl\/cce-cis-conferences\/edition2022\/?page_id=72&amp;lang=pl\" data-type=\"page\" data-id=\"72\">formularza<\/a> dost\u0119pnego na stronie konferencji do 23 listopada 2022.<\/p><\/div><\/div><\/div><\/div><\/div><div class=\"gutentor-single-item gutentor-single-item-3 gutentor-odd\"><div class=\"gutentor-timeline-item\"><div class=\"gutentor-single-item-wrap\"><div class=\"gutentor-timeline-item-circle\"><\/div><div class=\"gutentor-single-item-wrapper\"><div class=\"gutentor-single-item-content gutentor-timeline-item-content\"><div class=\"gutentor-timeline-item-org-title\"><h5 class=\"gutentor-timeline-item-duration\"><strong><s><s>23 listopada 2022<\/s><\/s><\/strong><br><strong>30 listopada 2022<\/strong><\/h5><\/div><h3 class=\"gutentor-single-item-title\"><strong>Ostateczny termin rejestracji<\/strong><\/h3><p class=\"gutentor-single-item-desc\">Termin zako\u0144czenia rejestracji na konferencj\u0119<\/p><\/div><\/div><\/div><\/div><\/div><div class=\"gutentor-single-item gutentor-single-item-4 gutentor-even\"><div class=\"gutentor-timeline-item\"><div class=\"gutentor-single-item-wrap\"><div class=\"gutentor-timeline-item-circle\"><\/div><div class=\"gutentor-single-item-wrapper\"><div class=\"gutentor-single-item-content gutentor-timeline-item-content\"><div class=\"gutentor-timeline-item-org-title\"><h5 class=\"gutentor-timeline-item-duration\"><strong><s>30 listopada 2022<\/s><\/strong><br><strong>5 grudnia 2022<\/strong><\/h5><\/div><h3 class=\"gutentor-single-item-title\"><strong>Powiadomienie o przyj\u0119ciu\/odrzuceniu propozycji wyst\u0105pie\u0144\/poster\u00f3w<\/strong><\/h3><p class=\"gutentor-single-item-desc\">Najp\u00f3\u017aniej do 30 listopada 2022 zostan\u0105 przekazane informacje dotycz\u0105ce akceptacji lub odrzucenia  zg\u0142oszonych propozycji wyk\u0142ad\u00f3w\/poster\u00f3w.<\/p><\/div><\/div><\/div><\/div><\/div><div class=\"gutentor-single-item gutentor-single-item-5 gutentor-odd\"><div class=\"gutentor-timeline-item\"><div class=\"gutentor-single-item-wrap\"><div class=\"gutentor-timeline-item-circle\"><\/div><div class=\"gutentor-single-item-wrapper\"><div class=\"gutentor-single-item-content gutentor-timeline-item-content\"><div class=\"gutentor-timeline-item-org-title\"><h5 class=\"gutentor-timeline-item-duration\"><strong>8 i 9 grudnia 2022<\/strong><\/h5><\/div><h3 class=\"gutentor-single-item-title\"><strong>Konferencja CCE-CIS 2022<\/strong><\/h3><p class=\"gutentor-single-item-desc\"><\/p><\/div><\/div><\/div><\/div><\/div><div class=\"gutentor-single-item gutentor-single-item-6 gutentor-even\"><div class=\"gutentor-timeline-item\"><div class=\"gutentor-single-item-wrap\"><div class=\"gutentor-timeline-item-circle\"><\/div><div class=\"gutentor-single-item-wrapper\"><div class=\"gutentor-single-item-content gutentor-timeline-item-content\"><div class=\"gutentor-timeline-item-org-title\"><h5 class=\"gutentor-timeline-item-duration\"><strong>28 luty 2023<\/strong><\/h5><\/div><h3 class=\"gutentor-single-item-title\"><strong>Zg\u0142oszenie artyku\u0142\u00f3w<\/strong><\/h3><p class=\"gutentor-single-item-desc\">Prosimy o przesy\u0142anie artyku\u0142\u00f3w bezpo\u015brednio do wybranego Czasopisma z powo\u0142aniem si\u0119 na konferencj\u0119 CCE-CIS 2022 <\/p><\/div><\/div><\/div><\/div><\/div><div class=\"gutentor-single-item gutentor-single-item-7 gutentor-odd\"><div class=\"gutentor-timeline-item\"><div class=\"gutentor-single-item-wrap\"><div class=\"gutentor-timeline-item-circle\"><\/div><div class=\"gutentor-single-item-wrapper\"><div class=\"gutentor-single-item-content gutentor-timeline-item-content\"><div class=\"gutentor-timeline-item-org-title\"><h5 class=\"gutentor-timeline-item-duration\"><strong>31 marca 2023<\/strong><\/h5><\/div><h3 class=\"gutentor-single-item-title\"><strong>Powiadomienie o przyj\u0119ciu\/odrzuceniu artyku\u0142u<\/strong><\/h3><p class=\"gutentor-single-item-desc\">W tym terminie zostan\u0105 przekazane informacje dotycz\u0105ce akceptacji lub odrzucenia przes\u0142anych propozycji artyku\u0142\u00f3w<\/p><\/div><\/div><\/div><\/div><\/div><div class=\"gutentor-single-item gutentor-single-item-8 gutentor-even\"><div class=\"gutentor-timeline-item\"><div class=\"gutentor-single-item-wrap\"><div class=\"gutentor-timeline-item-circle\"><\/div><div class=\"gutentor-single-item-wrapper\"><div class=\"gutentor-single-item-content gutentor-timeline-item-content\"><div class=\"gutentor-timeline-item-org-title\"><h5 class=\"gutentor-timeline-item-duration\"><strong>24 kwietnia 2023<\/strong><\/h5><\/div><h3 class=\"gutentor-single-item-title\"><strong>Camera-ready copy due<\/strong><\/h3><p class=\"gutentor-single-item-desc\">Ostateczny termin przygotowania publikacji konferencyjnej do druku<\/p><\/div><\/div><\/div><\/div><\/div><\/div><\/div><\/div><\/section>\n<\/div><\/section>\n","protected":false},"excerpt":{"rendered":"","protected":false},"author":1,"featured_media":0,"parent":0,"menu_order":0,"comment_status":"closed","ping_status":"closed","template":"","meta":{"footnotes":""},"class_list":["post-74","page","type-page","status-publish","hentry"],"mb":[],"mfb_rest_fields":["title"],"_links":{"self":[{"href":"https:\/\/cereclimen.umcs.pl\/cce-cis-conferences\/edition2022\/index.php?rest_route=\/wp\/v2\/pages\/74","targetHints":{"allow":["GET"]}}],"collection":[{"href":"https:\/\/cereclimen.umcs.pl\/cce-cis-conferences\/edition2022\/index.php?rest_route=\/wp\/v2\/pages"}],"about":[{"href":"https:\/\/cereclimen.umcs.pl\/cce-cis-conferences\/edition2022\/index.php?rest_route=\/wp\/v2\/types\/page"}],"author":[{"embeddable":true,"href":"https:\/\/cereclimen.umcs.pl\/cce-cis-conferences\/edition2022\/index.php?rest_route=\/wp\/v2\/users\/1"}],"replies":[{"embeddable":true,"href":"https:\/\/cereclimen.umcs.pl\/cce-cis-conferences\/edition2022\/index.php?rest_route=%2Fwp%2Fv2%2Fcomments&post=74"}],"version-history":[{"count":30,"href":"https:\/\/cereclimen.umcs.pl\/cce-cis-conferences\/edition2022\/index.php?rest_route=\/wp\/v2\/pages\/74\/revisions"}],"predecessor-version":[{"id":5855,"href":"https:\/\/cereclimen.umcs.pl\/cce-cis-conferences\/edition2022\/index.php?rest_route=\/wp\/v2\/pages\/74\/revisions\/5855"}],"wp:attachment":[{"href":"https:\/\/cereclimen.umcs.pl\/cce-cis-conferences\/edition2022\/index.php?rest_route=%2Fwp%2Fv2%2Fmedia&parent=74"}],"curies":[{"name":"wp","href":"https:\/\/api.w.org\/{rel}","templated":true}]}}