{"id":70,"date":"2022-07-06T19:06:17","date_gmt":"2022-07-06T19:06:17","guid":{"rendered":"https:\/\/cereclimen.umcs.pl\/cce-cis-conferences\/edition2022\/?page_id=70"},"modified":"2022-12-06T00:41:05","modified_gmt":"2022-12-05T22:41:05","slug":"zaproszeni-prelegenci","status":"publish","type":"page","link":"https:\/\/cereclimen.umcs.pl\/cce-cis-conferences\/edition2022\/?page_id=70&lang=pl","title":{"rendered":"Prelegenci Plenarni"},"content":{"rendered":"\n<div id=\"section-g81d348\" class=\"wp-block-gutentor-e1 section-g81d348 gutentor-element gutentor-element-advanced-text text-align-center-desktop text-align-center-tablet text-align-center-mobile\"><div class=\"gutentor-text-wrap\"><h2 class=\"gutentor-text\">PRELEGENCI PLENARNI<\/h2><\/div><\/div>\n\n\n\n<section id=\"gm7ebddd3\" class=\"wp-block-gutentor-m3 alignwide section-gm7ebddd3 gutentor-module gutentor-container-cover\"><div class=\"grid-container\">\n<section id=\"gm25d1e90\" class=\"wp-block-gutentor-m3 section-gm25d1e90 gutentor-module gutentor-container-cover\"><div class=\"grid-container\">\n<section id=\"gmb4908b2\" class=\"wp-block-gutentor-m2 section-gmb4908b2 gutentor-module gutentor-dynamic-columns gutentor-equal-column-height\"><div class=\"grid-container\"><div class=\"grid-row\">\n<div id=\"col-gme861b7\" class=\"wp-block-gutentor-m2-col col-gme861b7 gutentor-module gutentor-dynamic-single-column grid-lg-12 grid-md-12 grid-12\"><div id=\"section-gme861b7\" class=\"section-gme861b7 gutentor-single-col\">\n<section id=\"gm80153a0\" class=\"wp-block-gutentor-m3 section-gm80153a0 gutentor-module gutentor-container-cover has-color-bg has-custom-bg\"><div class=\"grid-container\">\n<section id=\"gmf6496a2\" class=\"wp-block-gutentor-m4 section-gmf6496a2 gutentor-module gutentor-advanced-columns\"><div class=\"grid-container\"><div class=\"grid-row\">\n<div id=\"col-gm3d0683\" class=\"wp-block-gutentor-m4-col col-gm3d0683 gutentor-single-column  grid-lg-3 grid-md-12 grid-12\"><div id=\"section-gm3d0683\" class=\"section-gm3d0683 gutentor-col-wrap\">\n<div id=\"section-g692608\" class=\"wp-block-gutentor-e6 section-g692608 gutentor-element gutentor-element-image\"><div class=\"gutentor-element-image-box\"><div class=\"gutentor-image-thumb\"><img decoding=\"async\" class=\"normal-image\" src=\"https:\/\/cereclimen.umcs.pl\/cce-cis-conferences\/edition2022\/wp-content\/uploads\/2022\/10\/Marek_Degorski2_mod-1.jpg\" \/><\/div><\/div><\/div>\n<\/div><\/div>\n\n\n\n<div id=\"col-gm7e351e\" class=\"wp-block-gutentor-m4-col col-gm7e351e gutentor-single-column  grid-lg-9 grid-md-12 grid-12\"><div id=\"section-gm7e351e\" class=\"section-gm7e351e gutentor-col-wrap\">\n<div id=\"section-g72f89b\" class=\"wp-block-gutentor-e1 section-g72f89b gutentor-element gutentor-element-advanced-text text-align-right-desktop text-align-right-tablet text-align-center-mobile\"><div class=\"gutentor-text-wrap\"><h4 class=\"gutentor-text\">Komitet Nauk Geograficznych PAN<br>Instytut Geografii i Przestrzennego Zagospodarowania PAN<br> Warszawa<\/h4><\/div><\/div>\n\n\n\n<div id=\"section-g7f823d\" class=\"wp-block-gutentor-e1 section-g7f823d gutentor-element gutentor-element-advanced-text text-align-left-desktop text-align-left-tablet text-align-center-mobile\"><div class=\"gutentor-text-wrap\"><h2 class=\"gutentor-text\"><strong>Prof. dr hab. Marek Deg\u00f3rski<\/strong><\/h2><\/div><\/div>\n\n\n\n<div id=\"section-g824133\" class=\"wp-block-gutentor-e1 section-g824133 gutentor-element gutentor-element-advanced-text text-align-justify-desktop text-align-justify-tablet text-align-justify-mobile\"><div class=\"gutentor-text-wrap\"><p class=\"gutentor-text\">Polski Geograf specjalizuj\u0105cy si\u0119 m.in. w geografii gleb, szczeg\u00f3lnie w badaniu wsp\u00f3\u0142zale\u017cno\u015bci mi\u0119dzy elementami \u015brodowiska geograficznego.<br><br><strong>Wyk\u0142ad plenarny<br><\/strong><em>Wyzwania spo\u0142eczno-ekonomiczne i implementacja proponowanych rozwi\u0105za\u0144 w kontek\u015bcie jako\u015bci \u017cycia\u00a0 na obszarach najbardziej wra\u017cliwych na zmiany klimatu<\/em><\/p><\/div><\/div>\n<\/div><\/div>\n<\/div><\/div><\/section>\n<\/div><\/section>\n<\/div><\/div>\n\n\n\n<div id=\"col-gmd87f45\" class=\"wp-block-gutentor-m2-col col-gmd87f45 gutentor-module gutentor-dynamic-single-column grid-lg-12 grid-md-12 grid-12\"><div id=\"section-gmd87f45\" class=\"section-gmd87f45 gutentor-single-col\">\n<section id=\"gm69a18a7\" class=\"wp-block-gutentor-m3 section-gm69a18a7 gutentor-module gutentor-container-cover has-color-bg has-custom-bg\"><div class=\"grid-container\">\n<section id=\"gm0e1278c\" class=\"wp-block-gutentor-m4 section-gm0e1278c gutentor-module gutentor-advanced-columns\"><div class=\"grid-container\"><div class=\"grid-row\">\n<div id=\"col-gme523d8\" class=\"wp-block-gutentor-m4-col col-gme523d8 gutentor-single-column  grid-lg-3 grid-md-12 grid-12\"><div id=\"section-gme523d8\" class=\"section-gme523d8 gutentor-col-wrap\">\n<div id=\"section-gc66854\" class=\"wp-block-gutentor-e6 section-gc66854 gutentor-element gutentor-element-image\"><div class=\"gutentor-element-image-box\"><div class=\"gutentor-image-thumb\"><img decoding=\"async\" class=\"normal-image\" src=\"https:\/\/cereclimen.umcs.pl\/cce-cis-conferences\/edition2022\/wp-content\/uploads\/2022\/10\/Zbigniew-Karaczun-1-e1666903089430.jpg\" \/><\/div><\/div><\/div>\n<\/div><\/div>\n\n\n\n<div id=\"col-gm614cef\" class=\"wp-block-gutentor-m4-col col-gm614cef gutentor-single-column  grid-lg-9 grid-md-12 grid-12\"><div id=\"section-gm614cef\" class=\"section-gm614cef gutentor-col-wrap\">\n<div id=\"section-g005a24\" class=\"wp-block-gutentor-e1 section-g005a24 gutentor-element gutentor-element-advanced-text text-align-right-desktop text-align-right-tablet text-align-center-mobile\"><div class=\"gutentor-text-wrap\"><h4 class=\"gutentor-text\">Szko\u0142a G\u0142\u00f3wna Gospodarstwa Wiejskiego<br> Warszawa<\/h4><\/div><\/div>\n\n\n\n<div id=\"section-gf06a1c\" class=\"wp-block-gutentor-e1 section-gf06a1c gutentor-element gutentor-element-advanced-text text-align-left-desktop text-align-left-tablet text-align-center-mobile\"><div class=\"gutentor-text-wrap\"><h2 class=\"gutentor-text\"><strong>dr hab. Zbigniew Karaczun, Prof. SGGW<\/strong><\/h2><\/div><\/div>\n\n\n\n<div id=\"section-g131f93\" class=\"wp-block-gutentor-e1 section-g131f93 gutentor-element gutentor-element-advanced-text text-align-justify-desktop text-align-justify-tablet text-align-justify-mobile\"><div class=\"gutentor-text-wrap\"><p class=\"gutentor-text\">Polski Sozolog, kt\u00f3rego centrum zainteresowa\u0144 skupia si\u0119 na polityce ekologicznej, zarz\u0105dzaniu \u015brodowiskiem, zr\u00f3wnowa\u017conym rozwoju teren\u00f3w wiejskich, jak r\u00f3wnie\u017c zarz\u0105dzaniu ochron\u0105 klimatu i adaptacj\u0105 do zmian klimatu.<br><br><strong>Wyk\u0142ad plenarny<br><\/strong><em>Wp\u0142yw zmiany klimatu na rolnictwo i bezpiecze\u0144stwo \u017cywno\u015bciowe<\/em><\/p><\/div><\/div>\n<\/div><\/div>\n<\/div><\/div><\/section>\n<\/div><\/section>\n<\/div><\/div>\n\n\n\n<div id=\"col-gm513880\" class=\"wp-block-gutentor-m2-col col-gm513880 gutentor-module gutentor-dynamic-single-column grid-lg-12 grid-md-12 grid-12\"><div id=\"section-gm513880\" class=\"section-gm513880 gutentor-single-col\">\n<section id=\"gm32691b1\" class=\"wp-block-gutentor-m3 section-gm32691b1 gutentor-module gutentor-container-cover has-color-bg has-custom-bg\"><div class=\"grid-container\">\n<section id=\"gm0738e8a\" class=\"wp-block-gutentor-m4 section-gm0738e8a gutentor-module gutentor-advanced-columns\"><div class=\"grid-container\"><div class=\"grid-row\">\n<div id=\"col-gmffcc58\" class=\"wp-block-gutentor-m4-col col-gmffcc58 gutentor-single-column  grid-lg-3 grid-md-12 grid-12\"><div id=\"section-gmffcc58\" class=\"section-gmffcc58 gutentor-col-wrap\">\n<div id=\"section-g7362cd\" class=\"wp-block-gutentor-e6 section-g7362cd gutentor-element gutentor-element-image\"><div class=\"gutentor-element-image-box\"><div class=\"gutentor-image-thumb\"><img decoding=\"async\" class=\"normal-image\" src=\"https:\/\/cereclimen.umcs.pl\/cce-cis-conferences\/edition2022\/wp-content\/uploads\/2022\/10\/Andrzej-Mizgajski.jpg\" \/><\/div><\/div><\/div>\n<\/div><\/div>\n\n\n\n<div id=\"col-gm18bea7\" class=\"wp-block-gutentor-m4-col col-gm18bea7 gutentor-single-column  grid-lg-9 grid-md-12 grid-12\"><div id=\"section-gm18bea7\" class=\"section-gm18bea7 gutentor-col-wrap\">\n<div id=\"section-g3a433a\" class=\"wp-block-gutentor-e1 section-g3a433a gutentor-element gutentor-element-advanced-text text-align-right-desktop text-align-right-tablet text-align-center-mobile\"><div class=\"gutentor-text-wrap\"><h4 class=\"gutentor-text\">Uniwersytet im. Adama Mickiewicza, Pozna\u0144<\/h4><\/div><\/div>\n\n\n\n<div id=\"section-gd8eef8\" class=\"wp-block-gutentor-e1 section-gd8eef8 gutentor-element gutentor-element-advanced-text text-align-left-desktop text-align-left-tablet text-align-center-mobile\"><div class=\"gutentor-text-wrap\"><h2 class=\"gutentor-text\"><strong>Prof. dr hab. Andrzej Mizgajski<\/strong><\/h2><\/div><\/div>\n\n\n\n<div id=\"section-g47e731\" class=\"wp-block-gutentor-e1 section-g47e731 gutentor-element gutentor-element-advanced-text text-align-justify-desktop text-align-justify-tablet text-align-justify-mobile\"><div class=\"gutentor-text-wrap\"><p class=\"gutentor-text\">Polski Geograf, by\u0142y Wiceminister \u015arodowiska, kt\u00f3rego g\u0142\u00f3wnym przedmiotem zainteresowa\u0144 badawczych jest zarz\u0105dzanie \u015brodowiskiem jako polem zintegrowanych bada\u0144 geograficznych, dodatkowo zajmuje si\u0119 m.in. ekologi\u0105 miasta i teren\u00f3w zurbanizowanych, w tym w\u0142\u0105czenia podej\u015bcia ekosystemowego do sterowania rozwojem aglomeracji.<br><br><strong>Wyk\u0142ad plenarny<br><\/strong><em>Zmiany klimatu &#8211; mi\u0119dzy nauk\u0105, ideologi\u0105 a polityk\u0105<br><\/em><\/p><\/div><\/div>\n<\/div><\/div>\n<\/div><\/div><\/section>\n<\/div><\/section>\n<\/div><\/div>\n\n\n\n<div id=\"col-gm774ffe\" class=\"wp-block-gutentor-m2-col col-gm774ffe gutentor-module gutentor-dynamic-single-column grid-lg-12 grid-md-12 grid-12\"><div id=\"section-gm774ffe\" class=\"section-gm774ffe gutentor-single-col\">\n<section id=\"gm9a9daa8\" class=\"wp-block-gutentor-m3 section-gm9a9daa8 gutentor-module gutentor-container-cover has-color-bg has-custom-bg\"><div class=\"grid-container\">\n<section id=\"gm4daaa7d\" class=\"wp-block-gutentor-m4 section-gm4daaa7d gutentor-module gutentor-advanced-columns\"><div class=\"grid-container\"><div class=\"grid-row\">\n<div id=\"col-gm2278e5\" class=\"wp-block-gutentor-m4-col col-gm2278e5 gutentor-single-column  grid-lg-3 grid-md-12 grid-12\"><div id=\"section-gm2278e5\" class=\"section-gm2278e5 gutentor-col-wrap\">\n<div id=\"section-g240726\" class=\"wp-block-gutentor-e6 section-g240726 gutentor-element gutentor-element-image\"><div class=\"gutentor-element-image-box\"><div class=\"gutentor-image-thumb\"><img decoding=\"async\" class=\"normal-image\" src=\"https:\/\/cereclimen.umcs.pl\/cce-cis-conferences\/edition2022\/wp-content\/uploads\/2022\/10\/Stefaan_Poedts_mod-1.jpg\" \/><\/div><\/div><\/div>\n<\/div><\/div>\n\n\n\n<div id=\"col-gm5c61f1\" class=\"wp-block-gutentor-m4-col col-gm5c61f1 gutentor-single-column  grid-lg-9 grid-md-12 grid-12\"><div id=\"section-gm5c61f1\" class=\"section-gm5c61f1 gutentor-col-wrap\">\n<div id=\"section-gc91db4\" class=\"wp-block-gutentor-e1 section-gc91db4 gutentor-element gutentor-element-advanced-text text-align-right-desktop text-align-right-tablet text-align-center-mobile\"><div class=\"gutentor-text-wrap\"><h4 class=\"gutentor-text\">Katholieke Universiteit Leuven, Belgium<br>Uniwersytet Marii Curie-Sk\u0142odowskiej, Lublin<\/h4><\/div><\/div>\n\n\n\n<div id=\"section-gada323\" class=\"wp-block-gutentor-e1 section-gada323 gutentor-element gutentor-element-advanced-text text-align-left-desktop text-align-left-tablet text-align-center-mobile\"><div class=\"gutentor-text-wrap\"><h2 class=\"gutentor-text\"><strong>Prof. dr hab. Stefaan Poedts<\/strong><\/h2><\/div><\/div>\n\n\n\n<div id=\"section-gf132ca\" class=\"wp-block-gutentor-e1 section-gf132ca gutentor-element gutentor-element-advanced-text text-align-justify-desktop text-align-justify-tablet text-align-justify-mobile\"><div class=\"gutentor-text-wrap\"><p class=\"gutentor-text\">Belgijski Matematyk specjalizuj\u0105cy si\u0119 m.in. w badaniu i prognozowaniu pogody kosmicznej i wiatr\u00f3w s\u0142onecznych, kt\u00f3re wp\u0142ywaj\u0105 na \u017cycie na Ziemi i telekomunikacj\u0119.<br><br><strong>Wyk\u0142ad plenarny<\/strong><br><em>Pogoda s\u0142oneczna i klimat s\u0142oneczny a klimat ziemski<\/em><\/p><\/div><\/div>\n<\/div><\/div>\n<\/div><\/div><\/section>\n<\/div><\/section>\n<\/div><\/div>\n\n\n\n<div id=\"col-gm25762c\" class=\"wp-block-gutentor-m2-col col-gm25762c gutentor-module gutentor-dynamic-single-column grid-lg-12 grid-md-12 grid-12\"><div id=\"section-gm25762c\" class=\"section-gm25762c gutentor-single-col\">\n<section id=\"gm953bd74\" class=\"wp-block-gutentor-m3 section-gm953bd74 gutentor-module gutentor-container-cover has-color-bg has-custom-bg\"><div class=\"grid-container\">\n<section id=\"gmb0646bd\" class=\"wp-block-gutentor-m4 section-gmb0646bd gutentor-module gutentor-advanced-columns\"><div class=\"grid-container\"><div class=\"grid-row\">\n<div id=\"col-gm5f79a2\" class=\"wp-block-gutentor-m4-col col-gm5f79a2 gutentor-single-column  grid-lg-3 grid-md-12 grid-12\"><div id=\"section-gm5f79a2\" class=\"section-gm5f79a2 gutentor-col-wrap\">\n<div id=\"section-g92e971\" class=\"wp-block-gutentor-e6 section-g92e971 gutentor-element gutentor-element-image\"><div class=\"gutentor-element-image-box\"><div class=\"gutentor-image-thumb\"><img decoding=\"async\" class=\"normal-image\" src=\"https:\/\/cereclimen.umcs.pl\/cce-cis-conferences\/edition2022\/wp-content\/uploads\/2022\/10\/Jean_Poesen_mod-1.jpg\" \/><\/div><\/div><\/div>\n<\/div><\/div>\n\n\n\n<div id=\"col-gm11ddf0\" class=\"wp-block-gutentor-m4-col col-gm11ddf0 gutentor-single-column  grid-lg-9 grid-md-12 grid-12\"><div id=\"section-gm11ddf0\" class=\"section-gm11ddf0 gutentor-col-wrap\">\n<div id=\"section-g43e50e\" class=\"wp-block-gutentor-e1 section-g43e50e gutentor-element gutentor-element-advanced-text text-align-right-desktop text-align-right-tablet text-align-center-mobile\"><div class=\"gutentor-text-wrap\"><h4 class=\"gutentor-text\">Katholieke Universiteit Leuven, Belgium<br>Maria Curie-Sk\u0142odowska University, Lublin<\/h4><\/div><\/div>\n\n\n\n<div id=\"section-g96403f\" class=\"wp-block-gutentor-e1 section-g96403f gutentor-element gutentor-element-advanced-text text-align-left-desktop text-align-left-tablet text-align-center-mobile\"><div class=\"gutentor-text-wrap\"><h2 class=\"gutentor-text\"><strong>Prof. dr hab. Jean Poesen<\/strong><\/h2><\/div><\/div>\n\n\n\n<div id=\"section-gdc4b67\" class=\"wp-block-gutentor-e1 section-gdc4b67 gutentor-element gutentor-element-advanced-text text-align-justify-desktop text-align-justify-tablet text-align-justify-mobile\"><div class=\"gutentor-text-wrap\"><p class=\"gutentor-text\">Belgijski Geograf, kt\u00f3rego badania koncentruj\u0105 si\u0119 na lepszym zrozumieniu mechanizm\u00f3w i czynnik\u00f3w kontroluj\u0105cych degradacj\u0119 gleby, zagro\u017cenia naturalne oraz wp\u0142yw cz\u0142owieka na ewolucj\u0119 krajobrazu w \u015brodowiskach umiarkowanych wilgotnych, \u015br\u00f3dziemnomorskich i tropikalnych, a tak\u017ce na optymalizacji gleby i techniki ochrony w\u00f3d i odporno\u015b\u0107 na zagro\u017cenia naturalne.<br><br><strong>Wyk\u0142ad plenarny<\/strong><br><em>Wp\u0142yw przewidywanych zmian klimatycznych na intensywno\u015b\u0107 proces\u00f3w geomorficznych i zwi\u0105zan\u0105 z nimi degradacj\u0119 gleb<\/em><\/p><\/div><\/div>\n<\/div><\/div>\n<\/div><\/div><\/section>\n<\/div><\/section>\n<\/div><\/div>\n\n\n\n<div id=\"col-gmafa635\" class=\"wp-block-gutentor-m2-col col-gmafa635 gutentor-module gutentor-dynamic-single-column grid-lg-12 grid-md-12 grid-12\"><div id=\"section-gmafa635\" class=\"section-gmafa635 gutentor-single-col\">\n<section id=\"gm56f963a\" class=\"wp-block-gutentor-m3 section-gm56f963a gutentor-module gutentor-container-cover has-color-bg has-custom-bg\"><div class=\"grid-container\">\n<section id=\"gm7dd58de\" class=\"wp-block-gutentor-m4 section-gm7dd58de gutentor-module gutentor-advanced-columns\"><div class=\"grid-container\"><div class=\"grid-row\">\n<div id=\"col-gm4f99ad\" class=\"wp-block-gutentor-m4-col col-gm4f99ad gutentor-single-column  grid-lg-3 grid-md-12 grid-12\"><div id=\"section-gm4f99ad\" class=\"section-gm4f99ad gutentor-col-wrap\">\n<div id=\"section-gbd35d7\" class=\"wp-block-gutentor-e6 section-gbd35d7 gutentor-element gutentor-element-image\"><div class=\"gutentor-element-image-box\"><div class=\"gutentor-image-thumb\"><img decoding=\"async\" class=\"normal-image\" src=\"https:\/\/cereclimen.umcs.pl\/cce-cis-conferences\/edition2022\/wp-content\/uploads\/2022\/10\/Przemyslaw-Sleszynski-1.jpg\" \/><\/div><\/div><\/div>\n<\/div><\/div>\n\n\n\n<div id=\"col-gm372955\" class=\"wp-block-gutentor-m4-col col-gm372955 gutentor-single-column  grid-lg-9 grid-md-12 grid-12\"><div id=\"section-gm372955\" class=\"section-gm372955 gutentor-col-wrap\">\n<div id=\"section-g4ae514\" class=\"wp-block-gutentor-e1 section-g4ae514 gutentor-element gutentor-element-advanced-text text-align-right-desktop text-align-right-tablet text-align-center-mobile\"><div class=\"gutentor-text-wrap\"><h4 class=\"gutentor-text\">Instytut Geografii i Przestrzennego Zagospodarowania PAN<br>Warszawa<\/h4><\/div><\/div>\n\n\n\n<div id=\"section-g381773\" class=\"wp-block-gutentor-e1 section-g381773 gutentor-element gutentor-element-advanced-text text-align-left-desktop text-align-left-tablet text-align-center-mobile\"><div class=\"gutentor-text-wrap\"><h2 class=\"gutentor-text\"><strong>Prof. dr hab. Przemys\u0142aw \u015aleszy\u0144ski<\/strong><\/h2><\/div><\/div>\n\n\n\n<div id=\"section-ga765f8\" class=\"wp-block-gutentor-e1 section-ga765f8 gutentor-element gutentor-element-advanced-text text-align-justify-desktop text-align-justify-tablet text-align-justify-mobile\"><div class=\"gutentor-text-wrap\"><p class=\"gutentor-text\">Polski Geograf, kt\u00f3ry zajmuje si\u0119 m.in. badaniami ludno\u015bciowymi (w tym migracyjnymi), rozwojem regionalnym i\u00a0lokalnym, geografi\u0105 transportu, elektoraln\u0105, estetyk\u0105 krajobrazu, planowaniem przestrzennym, ma r\u00f3wnie\u017c do\u015bwiadczenie w opracowaniu wa\u017cnych i\u00a0strategicznych dokument\u00f3w rz\u0105dowych zwi\u0105zanych z rozwojem przestrzennym i\u00a0regionalnym.<br><br><strong>Wyk\u0142ad plenarny<\/strong><br><em>Wyzwania planowania i\u00a0zagospodarowania przestrzennego w\u00a0Polsce<br>wobec zmian klimatu<\/em><br><\/p><\/div><\/div>\n<\/div><\/div>\n<\/div><\/div><\/section>\n<\/div><\/section>\n<\/div><\/div>\n\n\n\n<div id=\"col-gm210d7f\" class=\"wp-block-gutentor-m2-col col-gm210d7f gutentor-module gutentor-dynamic-single-column grid-lg-12 grid-md-12 grid-12\"><div id=\"section-gm210d7f\" class=\"section-gm210d7f gutentor-single-col\">\n<section id=\"gme79c37c\" class=\"wp-block-gutentor-m3 section-gme79c37c gutentor-module gutentor-container-cover has-color-bg has-custom-bg\"><div class=\"grid-container\">\n<section id=\"gm4e8510f\" class=\"wp-block-gutentor-m4 section-gm4e8510f gutentor-module gutentor-advanced-columns\"><div class=\"grid-container\"><div class=\"grid-row\">\n<div id=\"col-gm9155b5\" class=\"wp-block-gutentor-m4-col col-gm9155b5 gutentor-single-column  grid-lg-3 grid-md-12 grid-12\"><div id=\"section-gm9155b5\" class=\"section-gm9155b5 gutentor-col-wrap\">\n<div id=\"section-ga4867e\" class=\"wp-block-gutentor-e6 section-ga4867e gutentor-element gutentor-element-image\"><div class=\"gutentor-element-image-box\"><div class=\"gutentor-image-thumb\"><img decoding=\"async\" class=\"normal-image\" src=\"https:\/\/cereclimen.umcs.pl\/cce-cis-conferences\/edition2022\/wp-content\/uploads\/2022\/10\/Jaco-Vangrosveld_mod-1.jpg\" \/><\/div><\/div><\/div>\n<\/div><\/div>\n\n\n\n<div id=\"col-gm56f97a\" class=\"wp-block-gutentor-m4-col col-gm56f97a gutentor-single-column  grid-lg-9 grid-md-12 grid-12\"><div id=\"section-gm56f97a\" class=\"section-gm56f97a gutentor-col-wrap\">\n<div id=\"section-g887498\" class=\"wp-block-gutentor-e1 section-g887498 gutentor-element gutentor-element-advanced-text text-align-right-desktop text-align-right-tablet text-align-center-mobile\"><div class=\"gutentor-text-wrap\"><h4 class=\"gutentor-text\">Maria Curie-Sk\u0142odowska University, Lublin, Poland<br>Universiteit Hasselt, Belgium<\/h4><\/div><\/div>\n\n\n\n<div id=\"section-g6ca7b5\" class=\"wp-block-gutentor-e1 section-g6ca7b5 gutentor-element gutentor-element-advanced-text text-align-left-desktop text-align-left-tablet text-align-center-mobile\"><div class=\"gutentor-text-wrap\"><h2 class=\"gutentor-text\"><strong>Prof. dr hab. Jaco Vangronsveld<\/strong><\/h2><\/div><\/div>\n\n\n\n<div id=\"section-g380e4a\" class=\"wp-block-gutentor-e1 section-g380e4a gutentor-element gutentor-element-advanced-text text-align-justify-desktop text-align-justify-tablet text-align-justify-mobile\"><div class=\"gutentor-text-wrap\"><p class=\"gutentor-text\">Belgijski Biolog z wieloletnim do\u015bwiadczeniem badawczym m.in. w badaniu fizjologicznych, biochemicznych i molekularnych aspekt\u00f3w stresu abiotycznego u ro\u015blin.<br><br><strong>Wyk\u0142ad plenarny<\/strong><br><em>Wykorzystanie infrastruktury Ecotron do badania wp\u0142ywu zmian klimatycznych na procesy ekosystem\u00f3w nadziemnych i podziemnych<\/em><\/p><\/div><\/div>\n<\/div><\/div>\n<\/div><\/div><\/section>\n<\/div><\/section>\n<\/div><\/div>\n\n\n\n<div id=\"col-gm5a790f\" class=\"wp-block-gutentor-m2-col col-gm5a790f gutentor-module gutentor-dynamic-single-column grid-lg-12 grid-md-12 grid-12\"><div id=\"section-gm5a790f\" class=\"section-gm5a790f gutentor-single-col\">\n<section id=\"gm9e5bf2e\" class=\"wp-block-gutentor-m3 section-gm9e5bf2e gutentor-module gutentor-container-cover has-color-bg has-custom-bg\"><div class=\"grid-container\">\n<section id=\"gm766d570\" class=\"wp-block-gutentor-m4 section-gm766d570 gutentor-module gutentor-advanced-columns\"><div class=\"grid-container\"><div class=\"grid-row\">\n<div id=\"col-gmc5bc38\" class=\"wp-block-gutentor-m4-col col-gmc5bc38 gutentor-single-column  grid-lg-3 grid-md-12 grid-12\"><div id=\"section-gmc5bc38\" class=\"section-gmc5bc38 gutentor-col-wrap\">\n<div id=\"section-gf5e5dc\" class=\"wp-block-gutentor-e6 section-gf5e5dc gutentor-element gutentor-element-image\"><div class=\"gutentor-element-image-box\"><div class=\"gutentor-image-thumb\"><img decoding=\"async\" class=\"normal-image\" src=\"https:\/\/cereclimen.umcs.pl\/cce-cis-conferences\/edition2022\/wp-content\/uploads\/2022\/10\/Joanna-Wibig-1.jpg\" \/><\/div><\/div><\/div>\n<\/div><\/div>\n\n\n\n<div id=\"col-gmee0b34\" class=\"wp-block-gutentor-m4-col col-gmee0b34 gutentor-single-column  grid-lg-9 grid-md-12 grid-12\"><div id=\"section-gmee0b34\" class=\"section-gmee0b34 gutentor-col-wrap\">\n<div id=\"section-gac486b\" class=\"wp-block-gutentor-e1 section-gac486b gutentor-element gutentor-element-advanced-text text-align-right-desktop text-align-right-tablet text-align-center-mobile\"><div class=\"gutentor-text-wrap\"><h4 class=\"gutentor-text\">Uniwersytet \u0141\u00f3dzki, \u0141\u00f3d\u017a<\/h4><\/div><\/div>\n\n\n\n<div id=\"section-g16eb8c\" class=\"wp-block-gutentor-e1 section-g16eb8c gutentor-element gutentor-element-advanced-text text-align-left-desktop text-align-left-tablet text-align-center-mobile\"><div class=\"gutentor-text-wrap\"><h2 class=\"gutentor-text\"><strong>Prof. dr hab. Joanna Wibig<\/strong><\/h2><\/div><\/div>\n\n\n\n<div id=\"section-g13b5a8\" class=\"wp-block-gutentor-e1 section-g13b5a8 gutentor-element gutentor-element-advanced-text text-align-justify-desktop text-align-justify-tablet text-align-justify-mobile\"><div class=\"gutentor-text-wrap\"><p class=\"gutentor-text\">Polska Klimatolog, kt\u00f3rej badania koncentruj\u0105 si\u0119 na dziedzinie klimatu i jego zmienno\u015bci, ekstremalnych zjawisk pogodowych i klimatycznych, szczeg\u00f3lnie wp\u0142ywu cyrkulacji atmosferycznej na inne elementy klimatu.<br><br><strong>Wyk\u0142ad plenarny<\/strong><br><em>Klimat w Polsce, wsp\u00f3\u0142czesne przemiany i\u00a0perspektywy na przysz\u0142o\u015b\u0107<\/em><\/p><\/div><\/div>\n<\/div><\/div>\n<\/div><\/div><\/section>\n<\/div><\/section>\n<\/div><\/div>\n<\/div><\/div><\/section>\n<\/div><\/section>\n<\/div><\/section>\n","protected":false},"excerpt":{"rendered":"","protected":false},"author":1,"featured_media":0,"parent":0,"menu_order":0,"comment_status":"closed","ping_status":"closed","template":"","meta":{"footnotes":""},"class_list":["post-70","page","type-page","status-publish","hentry"],"mb":[],"mfb_rest_fields":["title"],"_links":{"self":[{"href":"https:\/\/cereclimen.umcs.pl\/cce-cis-conferences\/edition2022\/index.php?rest_route=\/wp\/v2\/pages\/70","targetHints":{"allow":["GET"]}}],"collection":[{"href":"https:\/\/cereclimen.umcs.pl\/cce-cis-conferences\/edition2022\/index.php?rest_route=\/wp\/v2\/pages"}],"about":[{"href":"https:\/\/cereclimen.umcs.pl\/cce-cis-conferences\/edition2022\/index.php?rest_route=\/wp\/v2\/types\/page"}],"author":[{"embeddable":true,"href":"https:\/\/cereclimen.umcs.pl\/cce-cis-conferences\/edition2022\/index.php?rest_route=\/wp\/v2\/users\/1"}],"replies":[{"embeddable":true,"href":"https:\/\/cereclimen.umcs.pl\/cce-cis-conferences\/edition2022\/index.php?rest_route=%2Fwp%2Fv2%2Fcomments&post=70"}],"version-history":[{"count":40,"href":"https:\/\/cereclimen.umcs.pl\/cce-cis-conferences\/edition2022\/index.php?rest_route=\/wp\/v2\/pages\/70\/revisions"}],"predecessor-version":[{"id":5998,"href":"https:\/\/cereclimen.umcs.pl\/cce-cis-conferences\/edition2022\/index.php?rest_route=\/wp\/v2\/pages\/70\/revisions\/5998"}],"wp:attachment":[{"href":"https:\/\/cereclimen.umcs.pl\/cce-cis-conferences\/edition2022\/index.php?rest_route=%2Fwp%2Fv2%2Fmedia&parent=70"}],"curies":[{"name":"wp","href":"https:\/\/api.w.org\/{rel}","templated":true}]}}