{"id":6241,"date":"2025-03-28T13:09:29","date_gmt":"2025-03-28T11:09:29","guid":{"rendered":"https:\/\/cereclimen.umcs.pl\/cce-cis-conferences\/edition2022\/?page_id=6241"},"modified":"2025-03-28T13:19:23","modified_gmt":"2025-03-28T11:19:23","slug":"polityka-prywatnosci","status":"publish","type":"page","link":"https:\/\/cereclimen.umcs.pl\/cce-cis-conferences\/edition2022\/?page_id=6241&lang=pl","title":{"rendered":"Polityka prywatno\u015bci"},"content":{"rendered":"\n<p><strong>Polityka Prywatno\u015bci Centrum Bada\u0144 Zmian Klimatu i \u015arodowiska (CeReClimEn)<br>Uniwersytetu Marii Curie-Sk\u0142odowskiej w Lublinie<\/strong><\/p>\n\n\n\n<p>Szanowni Pa\u0144stwo,<\/p>\n\n\n\n<p>Uniwersytet Marii Curie-Sk\u0142odowskiej w Lublinie (UMCS) szanuje prawo u\u017cytkownik\u00f3w do ochrony prywatno\u015bci oraz danych osobowych. Wprowadza odpowiednie zabezpieczenia oraz stosuje si\u0119 do obowi\u0105zuj\u0105cych przepis\u00f3w prawa, zw\u0142aszcza Rozporz\u0105dzenia Parlamentu Europejskiego i Rady (UE) 2016\/679 z dnia 27 kwietnia 2016 r. w sprawie ochrony os\u00f3b fizycznych w zwi\u0105zku z przetwarzaniem danych osobowych i w sprawie swobodnego przep\u0142ywu takich danych oraz uchylenia dyrektywy 95\/46\/WE (og\u00f3lne rozporz\u0105dzenie o ochronie danych osobowych, dalej jako:&nbsp;<strong>RODO<\/strong>).<\/p>\n\n\n\n<hr class=\"wp-block-separator has-alpha-channel-opacity\"\/>\n\n\n\n<h2 class=\"wp-block-heading\">Informacje podstawowe<\/h2>\n\n\n\n<p>Korzystanie z serwisu mo\u017ce wi\u0105za\u0107 si\u0119 ze zbieraniem danych osobowych jego u\u017cytkownik\u00f3w, w celu i&nbsp;zakresie niezb\u0119dnym do administrowania serwisem oraz utrzymania jego funkcjonalno\u015bci.<\/p>\n\n\n\n<p>Zdecydowana wi\u0119kszo\u015b\u0107 tre\u015bci i us\u0142ug udost\u0119pnianych za po\u015brednictwem serwisu jest dost\u0119pna bez konieczno\u015bci rejestracji oraz podawania danych osobowych. Cz\u0119\u015b\u0107 us\u0142ug, takich jak np.&nbsp;zapisy na&nbsp;wydarzenia, wymaga jednak ich gromadzenia.<\/p>\n\n\n\n<p>Informujemy jednocze\u015bnie, \u017ce Administratorem Pa\u0144stwa danych osobowych gromadzonych za&nbsp;po\u015brednictwem serwisu jest&nbsp;<strong>Uniwersytet Marii Curie-Sk\u0142odowskiej w Lublinie<\/strong>, z siedzib\u0105 przy pl. Marii Curie-Sk\u0142odowskiej 5, 20\u2011031 Lublin (dalej jako:&nbsp;<strong>UMCS<\/strong>&nbsp;lub&nbsp;<strong>Administrator<\/strong>).<\/p>\n\n\n\n<p>Administrator wyznaczy\u0142 Inspektora Ochrony Danych Osobowych. W przypadku wyst\u0105pienia jakichkolwiek problem\u00f3w lub w\u0105tpliwo\u015bci w obszarze zwi\u0105zanym z&nbsp;przetwarzaniem danych na UMCS, prosimy o kontakt:&nbsp;<a href=\"mailto:iod@mail.umcs.pl\">iod@mail.umcs.pl<\/a>.<\/p>\n\n\n\n<h2 class=\"wp-block-heading\">Dane osobowe<\/h2>\n\n\n\n<h3 class=\"wp-block-heading\">GROMADZENIE DANYCH OSOBOWYCH<\/h3>\n\n\n\n<p>Serwis mo\u017ce przetwarza\u0107 Pa\u0144stwa dane osobowe za pomoc\u0105 formularzy umo\u017cliwiaj\u0105cych np. zapisy na wydarzenia organizowane przez UMCS lub jego jednostki organizacyjne oraz formularzy kontaktowych. W ka\u017cdym przypadku, gdy b\u0119dziemy gromadzi\u0107 Pa\u0144stwa dane osobowe, poinformujemy Pa\u0144stwa szczeg\u00f3\u0142owo o celu i warunkach ich przetwarzania przez nas.<\/p>\n\n\n\n<p>Dane osobowe u\u017cytkownik\u00f3w serwisu s\u0105 zabezpieczone przed bezprawnym udost\u0119pnieniem osobom nieupowa\u017cnionym, nieautoryzowanym dost\u0119pem, zabraniem, uszkodzeniem, modyfikacj\u0105 czy przypadkowym zniszczeniem lub ich utrat\u0105.<\/p>\n\n\n\n<h3 class=\"wp-block-heading\">PRAWA OSOBY, KT\u00d3REJ DANE DOTYCZ\u0104<\/h3>\n\n\n\n<p>Podanie danych osobowych jest zawsze dobrowolne, a u\u017cytkownicy maj\u0105 prawo do wgl\u0105du do nich, ich zmiany, sprostowania, usuni\u0119cia, przeniesienia, wniesienia \u017c\u0105dania o zaprzestanie lub ograniczenie przetwarzania, prawo do przenoszenia danych oraz prawo do z\u0142o\u017cenia skargi do organu nadzorczego monitoruj\u0105cego przestrzeganie przepis\u00f3w prawa w zakresie ochrony danych osobowych. Ponadto, je\u017celi dane osobowe s\u0105 przetwarzane na podstawie zgody, u\u017cytkownicy maj\u0105 prawo do wycofania zgody, na podstawie kt\u00f3rej ich dane osobowe s\u0105 wykorzystywane przez serwis w dowolnym momencie, przy czym wycofanie zgody nie ma wp\u0142ywu na przetwarzanie danych, kt\u00f3rego dokonano przed wycofaniem tej zgody.<\/p>\n\n\n\n<h3 class=\"wp-block-heading\">OKRES PRZETWARZANIA DANYCH<\/h3>\n\n\n\n<p>Dane osobowe, kt\u00f3re u\u017cytkownik przekaza\u0142 Administratorowi za po\u015brednictwem serwisu s\u0105 wykorzystywane tak d\u0142ugo, jak jest to konieczne. Oznacza to, \u017ce UMCS wykorzystuje dane osobowe u\u017cytkownik\u00f3w serwisu do momentu realizacji celu, w jakim dane te zosta\u0142y zgromadzone, a po tym czasie do cel\u00f3w archiwalnych, statystycznych lub do czasu wyga\u015bni\u0119cia roszcze\u0144 zwi\u0105zanych z&nbsp;us\u0142ug\u0105, kt\u00f3ra wymaga\u0142a od u\u017cytkownika podania jego danych. Ka\u017cdorazowo poinformujemy Pa\u0144stwa, przez jaki czas i w jakich celach Pa\u0144stwa dane osobowe b\u0119d\u0105 przetwarzane przez UMCS.<\/p>\n\n\n\n<h3 class=\"wp-block-heading\">KONSEKWENCJE NIEPODANIA DANYCH<\/h3>\n\n\n\n<p>Niepodanie danych, wniesienie pro\u015bby o ich usuni\u0119cie lub zaprzestanie dalszego przetwarzania mo\u017ce si\u0119 w tych przypadkach wi\u0105za\u0107 z ograniczeniem albo brakiem dost\u0119pno\u015bci niekt\u00f3rych us\u0142ug.<\/p>\n\n\n\n<h3 class=\"wp-block-heading\">ODBIORCY DANYCH<\/h3>\n\n\n\n<p>Jednocze\u015bnie UMCS pragnie zapewni\u0107, \u017ce o ile nie zosta\u0142o to wyra\u017anie wskazane w regulaminie us\u0142ugi, z kt\u00f3rej korzysta u\u017cytkownik, dane osobowe u\u017cytkownik\u00f3w nie s\u0105 przekazywane do \u017cadnych innych podmiot\u00f3w za wyj\u0105tkiem podmiot\u00f3w uprawnionych do dost\u0119pu do tych danych na mocy przepis\u00f3w prawa. Dane osobowe u\u017cytkownik\u00f3w nie b\u0119d\u0105 r\u00f3wnie\u017c przekazywane do pa\u0144stw trzecich lub organizacji mi\u0119dzynarodowych, chyba \u017ce regulamin us\u0142ugi wyra\u017anie przewiduje inaczej.<\/p>\n\n\n\n<h2 class=\"wp-block-heading\">Pliki \u201eCookies\u201d<\/h2>\n\n\n\n<h3 class=\"wp-block-heading\">CZYM S\u0104 PLIKI \u201eCOOKIES\u201d?<\/h3>\n\n\n\n<p>Serwis wykorzystuje technologi\u0119 tzw. ciasteczek (ang. \u201ecookies\u201d). Ciasteczka to ma\u0142e pliki tekstowe, kt\u00f3re s\u0105 wysy\u0142ane przez serwis internetowy, a nast\u0119pnie zapisywane na komputerach, laptopach lub smartfonach, aby m.in. u\u0142atwi\u0107 korzystanie ze stron www. Pliki te mog\u0105 zawiera\u0107 dane osobowe w&nbsp;postaci adresu IP urz\u0105dzenia wykorzystywanego przez u\u017cytkownika podczas korzystania z serwisu oraz unikatowego identyfikatora tego urz\u0105dzenia. Pliki te nie s\u0105 przechowywane na serwerach administratora, a istot\u0105 ich dzia\u0142ania jest zapis ich zawarto\u015bci podczas wizyty na stronie na urz\u0105dzeniu wykorzystywanym do korzystania z serwisu.<\/p>\n\n\n\n<p>Wi\u0119cej informacji o ciasteczkach mo\u017cna znale\u017a\u0107 na stronie&nbsp;<a href=\"https:\/\/www.aboutcookies.org\/\">www.aboutcookies.org<\/a>.<\/p>\n\n\n\n<h3 class=\"wp-block-heading\">WYKORZYSTANIE PLIK\u00d3W \u201eCOOKIES\u201d PRZEZ SERWIS<\/h3>\n\n\n\n<p>Ciasteczka s\u0105 wykorzystywane przez UMCS przede wszystkim w celu: zapewnienia poprawnego funkcjonowania serwisu, utrzymania sesji w przypadku zalogowanych u\u017cytkownik\u00f3w (brak potrzeby logowania na ka\u017cdej podstronie serwisu), zachowania ustawie\u0144 u\u017cytkownika zwi\u0105zanych z&nbsp;wy\u015bwietlaniem serwisu, zbierania danych statystycznych i informacji o sposobie korzystania z&nbsp;serwisu, umo\u017cliwienia dostarczania tre\u015bci reklamowych zgodnych z zainteresowaniami u\u017cytkownik\u00f3w.<\/p>\n\n\n\n<p>Pliki cookies mog\u0105 by\u0107 tak\u017ce wykorzystywane do cel\u00f3w reklamowych przez dostawc\u00f3w reklam oraz partner\u00f3w UMCS.<\/p>\n\n\n\n<p>Serwis nie wykorzystuje ciasteczek do identyfikacji, \u015bledzenia lub zbierania danych osobowych. Administrator nie \u0142\u0105czy danych eksploatacyjnych oraz informacji zawartych w plikach cookies z&nbsp;\u017cadnymi innymi danymi, w kt\u00f3rych posiadanie wejdzie lub do kt\u00f3rych mo\u017ce mie\u0107 dost\u0119p.<\/p>\n\n\n\n<p>Podstaw\u0105 prawn\u0105 dla zbierania danych odczytywanych z plik\u00f3w cookies jest art. 6 ust. 1 lit (f) RODO, rozumiany jako realizacja usprawiedliwionego interesu administratora danych w postaci utrzymania funkcjonalno\u015bci serwisu oraz dostosowanie strony do indywidualnych ustawie\u0144 u\u017cytkownika, jak r\u00f3wnie\u017c zapami\u0119tywanie wprowadzanych przez u\u017cytkownika danych zwi\u0105zanych z korzystaniem z&nbsp;serwisu oraz prowadzenie analiz statystycznych dotycz\u0105cych u\u017cytkownik\u00f3w i odwiedzaj\u0105cych stron\u0119.<\/p>\n\n\n\n<h3 class=\"wp-block-heading\">PRAWA OSOBY, KT\u00d3REJ DANE DOTYCZ\u0104<\/h3>\n\n\n\n<p>U\u017cytkownik mo\u017ce uzyska\u0107 dost\u0119p do zgromadzonych plik\u00f3w cookies znajduj\u0105cych si\u0119 na dysku lub w&nbsp;pami\u0119ci urz\u0105dzenia, wykorzystywanego do korzystania z serwisu, poprzez analiz\u0119 zawarto\u015bci plik\u00f3w cookies w ustawieniach przegl\u0105darki.<\/p>\n\n\n\n<p>Dodatkowo, u\u017cytkownik mo\u017ce zrezygnowa\u0107 ze zbierania plik\u00f3w cookies:<\/p>\n\n\n\n<ul class=\"wp-block-list\">\n<li>wchodz\u0105c na stron\u0119 Ustawie\u0144 reklam Google lub Network Advertising Initiative (dla innych zewn\u0119trznych dostawc\u00f3w reklam), lub<\/li>\n\n\n\n<li>zmieniaj\u0105c ustawienia przegl\u0105darki wykorzystywanej do korzystania z serwisu, w spos\u00f3b odpowiedni dla tej przegl\u0105darki:<br>&#8211;&nbsp;<a href=\"http:\/\/support.google.com\/chrome\/bin\/answer.py?hl=pl&amp;answer=95647\" target=\"_blank\" rel=\"noreferrer noopener\">w przegl\u0105darce Chrome<br><\/a>&#8211;&nbsp;<a href=\"http:\/\/support.mozilla.org\/pl\/kb\/W%C5%82%C4%85czanie%20i%20wy%C5%82%C4%85czanie%20obs%C5%82ugi%20ciasteczek\" target=\"_blank\" rel=\"noreferrer noopener\">w przegl\u0105darce Firefox<br><\/a>&#8211;&nbsp;<a href=\"http:\/\/windows.microsoft.com\/pl-pl\/windows7\/block-enable-or-allow-cookies\" target=\"_blank\" rel=\"noreferrer noopener\">w przegl\u0105darce Internet Explorer<br><\/a>&#8211;&nbsp;<a href=\"http:\/\/help.opera.com\/Windows\/12.10\/pl\/cookies.html\" target=\"_blank\" rel=\"noreferrer noopener\">w przegl\u0105darce Opera<br><\/a>&#8211;&nbsp;<a href=\"http:\/\/support.apple.com\/kb\/PH5042\" target=\"_blank\" rel=\"noreferrer noopener\">w przegl\u0105darce Safari<br><\/a>&#8211;&nbsp;<a href=\"http:\/\/windows.microsoft.com\/pl-pl\/windows-10\/edge-privacy-faq\" target=\"_blank\" rel=\"noreferrer noopener\">w przegl\u0105darce Microsoft Edge<\/a><\/li>\n<\/ul>\n\n\n\n<p>Nale\u017cy jednak pami\u0119ta\u0107, \u017ce zmiana ustawie\u0144 mo\u017ce by\u0107 przyczyn\u0105 b\u0142\u0119dnego wy\u015bwietlania serwisu.<\/p>\n\n\n\n<hr class=\"wp-block-separator has-alpha-channel-opacity\"\/>\n\n\n\n<h2 class=\"wp-block-heading\">Jak chroni\u0107 swoje dane osobowe?<\/h2>\n\n\n\n<ol class=\"wp-block-list\">\n<li>Zwracaj uwag\u0119, komu, gdzie i na jakich warunkach podajesz dane.<\/li>\n\n\n\n<li>Upewniaj si\u0119, czy udost\u0119pnienie danych jest niezb\u0119dne oraz bezpieczne.<\/li>\n\n\n\n<li>Nie przekazuj swoich ani cudzych danych, nie publikuj ich w mediach spo\u0142eczno\u015bciowych oraz na dyskach dost\u0119pnych w \u201echmurach\u201d.<\/li>\n\n\n\n<li>Nie podawaj nikomu nazwy u\u017cytkownika i has\u0142a do Twoich kont w us\u0142ugach internetowych.<\/li>\n\n\n\n<li>Wyloguj si\u0119 z konta po zako\u0144czeniu pracy z systemem.<\/li>\n<\/ol>\n","protected":false},"excerpt":{"rendered":"<p>Polityka Prywatno\u015bci Centrum Bada\u0144 Zmian Klimatu i \u015arodowiska (CeReClimEn)Uniwersytetu Marii Curie-Sk\u0142odowskiej w Lublinie Szanowni Pa\u0144stwo, Uniwersytet Marii Curie-Sk\u0142odowskiej w Lublinie (UMCS) szanuje prawo u\u017cytkownik\u00f3w do ochrony prywatno\u015bci oraz danych osobowych. Wprowadza odpowiednie zabezpieczenia oraz stosuje si\u0119 do obowi\u0105zuj\u0105cych przepis\u00f3w prawa, zw\u0142aszcza Rozporz\u0105dzenia Parlamentu Europejskiego i Rady (UE) 2016\/679 z dnia 27 kwietnia 2016 r. w [&hellip;]<\/p>\n","protected":false},"author":1,"featured_media":0,"parent":0,"menu_order":0,"comment_status":"closed","ping_status":"closed","template":"","meta":{"footnotes":""},"class_list":["post-6241","page","type-page","status-publish","hentry"],"mb":[],"mfb_rest_fields":["title"],"_links":{"self":[{"href":"https:\/\/cereclimen.umcs.pl\/cce-cis-conferences\/edition2022\/index.php?rest_route=\/wp\/v2\/pages\/6241","targetHints":{"allow":["GET"]}}],"collection":[{"href":"https:\/\/cereclimen.umcs.pl\/cce-cis-conferences\/edition2022\/index.php?rest_route=\/wp\/v2\/pages"}],"about":[{"href":"https:\/\/cereclimen.umcs.pl\/cce-cis-conferences\/edition2022\/index.php?rest_route=\/wp\/v2\/types\/page"}],"author":[{"embeddable":true,"href":"https:\/\/cereclimen.umcs.pl\/cce-cis-conferences\/edition2022\/index.php?rest_route=\/wp\/v2\/users\/1"}],"replies":[{"embeddable":true,"href":"https:\/\/cereclimen.umcs.pl\/cce-cis-conferences\/edition2022\/index.php?rest_route=%2Fwp%2Fv2%2Fcomments&post=6241"}],"version-history":[{"count":1,"href":"https:\/\/cereclimen.umcs.pl\/cce-cis-conferences\/edition2022\/index.php?rest_route=\/wp\/v2\/pages\/6241\/revisions"}],"predecessor-version":[{"id":6242,"href":"https:\/\/cereclimen.umcs.pl\/cce-cis-conferences\/edition2022\/index.php?rest_route=\/wp\/v2\/pages\/6241\/revisions\/6242"}],"wp:attachment":[{"href":"https:\/\/cereclimen.umcs.pl\/cce-cis-conferences\/edition2022\/index.php?rest_route=%2Fwp%2Fv2%2Fmedia&parent=6241"}],"curies":[{"name":"wp","href":"https:\/\/api.w.org\/{rel}","templated":true}]}}