{"id":6237,"date":"2025-03-28T11:21:08","date_gmt":"2025-03-28T09:21:08","guid":{"rendered":"https:\/\/cereclimen.umcs.pl\/cce-cis-conferences\/edition2022\/?page_id=6237"},"modified":"2025-03-28T11:21:10","modified_gmt":"2025-03-28T09:21:10","slug":"deklaracja-dostepnosci","status":"publish","type":"page","link":"https:\/\/cereclimen.umcs.pl\/cce-cis-conferences\/edition2022\/?page_id=6237&lang=en","title":{"rendered":"Deklaracja Dost\u0119pno\u015bci"},"content":{"rendered":"\r\n\r\n<h1>Deklaracja dost\u0119pno\u015bci<\/h1><section id=\"a11y-wstep\">\r\n<p><span id=\"a11y-podmiot\">Centrum Bada\u0144 Zmian Klimatu i \u015arodowiska<\/span>  zobowi\u0105zuje si\u0119 zapewni\u0107 dost\u0119pno\u015b\u0107 swojej <span id=\"a11y-zakres\">strony internetowej<\/span> zgodnie z ustaw\u0105 z dnia 4 kwietnia 2019 r. o dost\u0119pno\u015bci cyfrowej stron internetowych i aplikacji mobilnych podmiot\u00f3w publicznych.<\/p>\r\n<p>Deklaracja dost\u0119pno\u015bci dotyczy strony  <a href=\"http:\/\/www.cereclimen.umcs.pl\" id=\"a11y-url\" target=\"_blank\">https:\/\/cce-cis.cereclimen.umcs.pl<\/a>.<\/p>\r\n<\/section><section>\r\n<ul>\r\n<li>Data publikacji strony internetowej: <time id=\"a11y-data-publikacja\" datetime=\"2025-03-24\">24 marca 2025 r.<\/time><\/li>\r\n<li>Data ostatniej istotnej aktualizacji: <time id=\"a11y-data-aktualizacja\" datetime=\"2020-06-23\">24 marca 2025 r.<\/time><\/li>\r\n<\/ul>\r\n<\/section><section>\r\n<h2>Stan dost\u0119pno\u015bci cyfrowej<\/h2>\r\n<p id=\"a11y-status\">Ta strona internetowa jest cz\u0119\u015bciowo zgodna z za\u0142\u0105cznikiem do ustawy o dost\u0119pno\u015bci cyfrowej z dnia 4 kwietnia 2019 r. o dost\u0119pno\u015bci cyfrowej stron internetowych i aplikacji mobilnych podmiot\u00f3w publicznych z powodu [niezgodno\u015bci i wy\u0142\u0105cze\u0144] wymienionych poni\u017cej.<\/p>\r\n<\/section><section>\r\n<h2>Niedost\u0119pne tre\u015bci<\/h2>\r\n<section>\r\n<h3>Niezgodno\u015b\u0107 z za\u0142\u0105cznikiem<\/h3>\r\n<ul>\r\n<li>Strona mo\u017ce zawiera\u0107 elementy graficzne, kt\u00f3re nie maj\u0105 dopasowanego tekstu alternatywnego.<\/li>\r\n<li>Serwis ma dokumenty PDF, kt\u00f3re powsta\u0142y na podstawie niew\u0142a\u015bciwie przygotowanych dokument\u00f3w tekstowych lub s\u0105 skanami dokument\u00f3w.<\/li>\r\n<li>Niekt\u00f3re elementy strony nie spe\u0142niaj\u0105 minimalnych wymog\u00f3w dla kontrastu.<\/li>\r\n<li>Przekierowania do film\u00f3w na kanale YouTube CeReClimEn opublikowane przed wej\u015bciem ustawy.<\/li>\r\n<\/ul>\r\n<\/section>\r\n\r\n<\/section><section>\r\n<h2>Przygotowanie deklaracji dost\u0119pno\u015bci<\/h2>\r\n<ul>\r\n<li>Data sporz\u0105dzenia deklaracji: <time id=\"a11y-data-sporzadzenie\" datetime=\"2026-03-30\">30 marca 2026 r.<\/time><\/li>\r\n<li>Data ostatniego przegl\u0105du deklaracji: <time id=\"a11y-data-przeglad\" datetime=\"2026-03-30\">30 marca 2026 r.<\/time><\/li>\r\n<\/ul>\r\n<p>Deklaracj\u0119 sporz\u0105dzili\u015bmy na podstawie samooceny w oparciu o <a href=\"https:\/\/www.gov.pl\/attachment\/1a3e2bb5-6d60-4897-ac2f-07a8e91e70ed\">List\u0119 kontroln\u0105 do badania dost\u0119pno\u015bci cyfrowej strony internetowej v. 2.2 (docx, 0,12MB)<\/a>.<\/p>\r\n<\/section><section>\r\n<h2>Skr\u00f3ty klawiaturowe<\/h2>\r\n<ul>\r\n<li>Na stronie internetowej mo\u017cna u\u017cywa\u0107 standardowych skr\u00f3t\u00f3w klawiaturowych przegl\u0105darki, z kt\u00f3rej korzysta u\u017cytkownik.<\/li>\r\n<\/ul>\r\n<\/section><section>\r\n<h2>Informacje zwrotne i dane kontaktowe<\/h2>\r\n<p>Wszystkie problemy z dost\u0119pno\u015bci\u0105 cyfrow\u0105 tej strony internetowej mo\u017cesz zg\u0142osi\u0107 do Urszuli Roma\u0144czuk-Polubiec &#8211; mejlowo <a href=\"mailto:cereclimen@mail.umcs.pl\">cereclimen@mail.umcs.pl<\/a> lub telefonicznie.<\/p>\r\n<p>Ka\u017cdy ma prawo wyst\u0105pi\u0107 z \u017c\u0105daniem zapewnienia dost\u0119pno\u015bci cyfrowej tej strony internetowej lub jej element\u00f3w.<\/p>\r\n<p>Zg\u0142aszaj\u0105c takie \u017c\u0105danie podaj:<\/p>\r\n<ul>\r\n<li>swoje imi\u0119 i nazwisko,<\/li>\r\n<li>swoje dane kontaktowe (np. numer telefonu, e-mail),<\/li>\r\n<li>dok\u0142adny adres strony internetowej, na kt\u00f3rej jest niedost\u0119pny cyfrowo element lub tre\u015b\u0107,<\/li>\r\n<li>opis na czym polega problem i jaki spos\u00f3b jego rozwi\u0105zania by\u0142by dla Ciebie najwygodniejszy.<\/li>\r\n<\/ul>\r\n<p>Na Twoje zg\u0142oszenie odpowiemy najszybciej jak to mo\u017cliwe, nie p\u00f3\u017aniej ni\u017c w ci\u0105gu 7 dni od jego otrzymania.<\/p>\r\n<p>Je\u017celi ten termin b\u0119dzie dla nas zbyt kr\u00f3tki poinformujemy Ci\u0119 o tym. W tej informacji podamy nowy termin, do kt\u00f3rego poprawimy zg\u0142oszone przez Ciebie b\u0142\u0119dy lub przygotujemy informacje w alternatywny spos\u00f3b. Ten nowy termin nie b\u0119dzie d\u0142u\u017cszy ni\u017c 2 miesi\u0105ce.<\/p>\r\n<p>Je\u017celi nie b\u0119dziemy w stanie zapewni\u0107 dost\u0119pno\u015bci cyfrowej strony internetowej lub tre\u015bci, wskazanej w Twoim \u017c\u0105daniu, zaproponujemy Ci dost\u0119p do nich w alternatywny spos\u00f3b.<\/p>\r\n<\/section><section id=\"a11y-procedura\">\r\n<h2>Obs\u0142uga wniosk\u00f3w i skarg zwi\u0105zanych z dost\u0119pno\u015bci\u0105<\/h2>\r\n<p>Je\u017celi w odpowiedzi na Tw\u00f3j wniosek o zapewnienie dost\u0119pno\u015bci cyfrowej, odm\u00f3wimy zapewnienia \u017c\u0105danej przez Ciebie dost\u0119pno\u015bci cyfrowej, a Ty nie zgadzasz si\u0119 z t\u0105 odmow\u0105, masz prawo z\u0142o\u017cy\u0107 skarg\u0119.<\/p>\r\n<p>Skarg\u0119 masz prawo z\u0142o\u017cy\u0107 tak\u017ce, je\u015bli nie zgadzasz si\u0119 na skorzystanie z alternatywnego sposobu dost\u0119pu, kt\u00f3ry zaproponowali\u015bmy Ci w odpowiedzi na Tw\u00f3j wniosek o zapewnienie dost\u0119pno\u015bci cyfrowej.<\/p>\r\n<p><a href=\"https:\/\/www.gov.pl\/web\/gov\/zloz-wniosek-o-zapewnienie-dostepnosci-cyfrowej-strony-internetowej-lub-aplikacji-mobilnej\">Pomocne mog\u0105 by\u0107 informacje, kt\u00f3re mo\u017cna znale\u017a\u0107 na rz\u0105dowym portalu gov.pl<\/a>.<\/p>\r\n<p>Mo\u017cesz tak\u017ce poinformowa\u0107 o tej sytuacji <a href=\"https:\/\/bip.brpo.gov.pl\/\">Rzecznika Praw Obywatelskich<\/a> i poprosi\u0107 o interwencj\u0119 w Twojej sprawie.<\/p>\r\n<\/section><section>\r\n<h2>Pozosta\u0142e informacje<\/h2>\r\n<section id=\"a11y-architektura\">\r\n<h4>Dost\u0119pno\u015b\u0107 architektoniczna<\/h4>\r\n<strong> pl. Marii Curie-Sk\u0142odowskiej 5, 20-031 Lublin <\/strong>\r\n<p>Do budynku prowadz\u0105 trzy wej\u015bcia:<\/p>\r\n<ul><li>wej\u015bcie g\u0142\u00f3wne od placu Marii Curie-Sk\u0142odowskiej \u2013 dost\u0119pne z poziomu chodnika,<\/li>\r\n<li>wej\u015bcie od strony ulicy Radziszewskiego \u2013 dost\u0119pne za pomoc\u0105 schod\u00f3w i pochylni,<\/li>\r\n<li>wej\u015bcie w prze\u015bwicie przez Wydzia\u0142 Ekonomiczny \u2013 dost\u0119pne z poziomu chodnika.<\/li>\r\n<\/ul><p>G\u0142\u00f3wne wej\u015bcie posiada automatyczne drzwi. Drzwi i \u015bciany szklane nie s\u0105 oznaczone w spos\u00f3b kontrastowy. Recepcja jest po prawej stronie od wej\u015bcia g\u0142\u00f3wnego. Informacji o sposobie poruszania si\u0119 po budynku udziela pracownik recepcji. Recepcja jest wyposa\u017cona w p\u0119tl\u0119 indukcyjn\u0105.<\/p>\r\n<p>Przy recepcji znajduje si\u0119 du\u017ca winda, kt\u00f3ra zatrzymuje si\u0119 na wszystkich pi\u0119trach. Przy wej\u015bciu od strony ulicy Radziszewskiego, w dobudowanej klatce schodowej, znajduje si\u0119 druga du\u017ca winda, kt\u00f3ra r\u00f3wnie\u017c zatrzymuje si\u0119 na wszystkich pi\u0119trach. W korytarzu po lewej stronie od wej\u015bcia g\u0142\u00f3wnego znajduj\u0105 si\u0119 dwie ma\u0142e windy, kt\u00f3re zatrzymuj\u0105 si\u0119 od czwartego pi\u0119tra. Przyciski w windach s\u0105 oznaczone alfabetem brajla.<\/p>\r\n<p>Schody s\u0105 wyposa\u017cone w por\u0119cze. Do budynku jest mo\u017cliwy wst\u0119p z psem asystuj\u0105cym. Szeroko\u015b\u0107 korytarzy pozwala na swobodne poruszanie si\u0119 osobom z niepe\u0142nosprawno\u015bci\u0105 ruchow\u0105.<\/p>\r\n<p>Toalety dla os\u00f3b z niepe\u0142nosprawno\u015bciami znajduj\u0105 si\u0119 na parterze.<\/p>\r\n<p>Przed budynkiem znajduj\u0105 si\u0119 wyznaczone miejsca parkingowe dla os\u00f3b z niepe\u0142nosprawno\u015bciami. Do budynku mo\u017cna dojecha\u0107 komunikacj\u0105 miejsk\u0105 liniami: 26, 031, 0N2, 150, 303. Najbli\u017csze przystanki znajduj\u0105 si\u0119 na ul. Sowi\u0144skiego: UMCS 01 oraz UMCS 02.<\/p>\r\n<p><a id=\"a11y-architektura-url\" title=\"Szczeg\u00f3\u0142owy opis dost\u0119pno\u015bci architektonicznej\" href=\"https:\/\/www.umcs.pl\/pl\/opis-dostepnosci-budynkow,25200.htm\">Szczeg\u00f3\u0142owy opis dost\u0119pno\u015bci architektonicznej<\/a><\/p>\r\n<h4>Dost\u0119pno\u015b\u0107 komunikacyjno-informacyjna<\/h4>\r\n<p>Opis dost\u0119pno\u015bci komunikacyjnej:<\/p>\r\n<p><strong>Strony Centrum Bada\u0144 Zmian Klimatu i \u015arodowiska &#8211; CeReClimEn maj\u0105 nast\u0119puj\u0105ce u\u0142atwienia:<\/strong><\/p>\r\n<ul><li>wersja z podwy\u017cszonym kontrastem,<\/li>\r\n<li>wy\u015bwietlanie w skali szaro\u015bci,<\/li>\r\n<li>wersja kontrastowa,<\/li>\r\n<li>inwersja kolor\u00f3w strony,<\/li>\r\n<li>bia\u0142e t\u0142o strony,<\/li>\r\n<li>narz\u0119dzie powi\u0119kszenia wielko\u015bci liter na stronie,<\/li>\r\n<li>zmiana kroju czcionki,<\/li>\r\n<li>podkre\u015blenie odno\u015bnik\u00f3w.<\/li>\r\n<\/ul><strong> Zgodno\u015b\u0107 ze standardami: <\/strong>\r\n<p>Witryna spe\u0142nia szereg zalece\u0144 drugiego i trzeciego stopnia, okre\u015blanych przez WCAG 2.1.<\/p>\r\n<strong> Przystosowanie dla urz\u0105dze\u0144 mobilnych: <\/strong>\r\n<p>Strony witryny mo\u017cna przegl\u0105da\u0107 na ekranach urz\u0105dze\u0144 mobilnych poprawnie wspieraj\u0105cych wymienione standardy, takich jak tablety, smartfony itp.<\/p>\r\n<\/section>\r\n<\/section>\r\n\r\n","protected":false},"excerpt":{"rendered":"<p>Deklaracja dost\u0119pno\u015bci Centrum Bada\u0144 Zmian Klimatu i \u015arodowiska zobowi\u0105zuje si\u0119 zapewni\u0107 dost\u0119pno\u015b\u0107 swojej strony internetowej zgodnie z ustaw\u0105 z dnia 4 kwietnia 2019 r. o dost\u0119pno\u015bci cyfrowej stron internetowych i aplikacji mobilnych podmiot\u00f3w publicznych. Deklaracja dost\u0119pno\u015bci dotyczy strony https:\/\/cce-cis.cereclimen.umcs.pl. Data publikacji strony internetowej: 24 marca 2025 r. Data ostatniej istotnej aktualizacji: 24 marca 2025 r. [&hellip;]<\/p>\n","protected":false},"author":1,"featured_media":0,"parent":0,"menu_order":0,"comment_status":"closed","ping_status":"closed","template":"","meta":{"footnotes":""},"class_list":["post-6237","page","type-page","status-publish","hentry"],"mb":[],"mfb_rest_fields":["title"],"_links":{"self":[{"href":"https:\/\/cereclimen.umcs.pl\/cce-cis-conferences\/edition2022\/index.php?rest_route=\/wp\/v2\/pages\/6237","targetHints":{"allow":["GET"]}}],"collection":[{"href":"https:\/\/cereclimen.umcs.pl\/cce-cis-conferences\/edition2022\/index.php?rest_route=\/wp\/v2\/pages"}],"about":[{"href":"https:\/\/cereclimen.umcs.pl\/cce-cis-conferences\/edition2022\/index.php?rest_route=\/wp\/v2\/types\/page"}],"author":[{"embeddable":true,"href":"https:\/\/cereclimen.umcs.pl\/cce-cis-conferences\/edition2022\/index.php?rest_route=\/wp\/v2\/users\/1"}],"replies":[{"embeddable":true,"href":"https:\/\/cereclimen.umcs.pl\/cce-cis-conferences\/edition2022\/index.php?rest_route=%2Fwp%2Fv2%2Fcomments&post=6237"}],"version-history":[{"count":2,"href":"https:\/\/cereclimen.umcs.pl\/cce-cis-conferences\/edition2022\/index.php?rest_route=\/wp\/v2\/pages\/6237\/revisions"}],"predecessor-version":[{"id":6263,"href":"https:\/\/cereclimen.umcs.pl\/cce-cis-conferences\/edition2022\/index.php?rest_route=\/wp\/v2\/pages\/6237\/revisions\/6263"}],"wp:attachment":[{"href":"https:\/\/cereclimen.umcs.pl\/cce-cis-conferences\/edition2022\/index.php?rest_route=%2Fwp%2Fv2%2Fmedia&parent=6237"}],"curies":[{"name":"wp","href":"https:\/\/api.w.org\/{rel}","templated":true}]}}