{"id":5092,"date":"2022-10-21T15:22:30","date_gmt":"2022-10-21T13:22:30","guid":{"rendered":"https:\/\/cereclimen.umcs.pl\/cce-cis-conferences\/edition2022\/?page_id=5092"},"modified":"2022-10-23T21:51:38","modified_gmt":"2022-10-23T19:51:38","slug":"sesje-tematyczne","status":"publish","type":"page","link":"https:\/\/cereclimen.umcs.pl\/cce-cis-conferences\/edition2022\/?page_id=5092&lang=pl","title":{"rendered":"Sesje tematyczne"},"content":{"rendered":"\n<div id=\"section-g09d0c8\" class=\"wp-block-gutentor-e1 section-g09d0c8 gutentor-element gutentor-element-advanced-text text-align-center-desktop text-align-center-tablet text-align-center-mobile\"><div class=\"gutentor-text-wrap\"><h2 class=\"gutentor-text\">SesJE TEMATYCZNE<\/h2><\/div><\/div>\n\n\n\n<section id=\"gm1fd2c09\" class=\"wp-block-gutentor-m3 alignwide section-gm1fd2c09 gutentor-module gutentor-container-cover\"><div class=\"grid-container\">\n<section id=\"section-98646b43-65a3-481d-a099-3f763a9d7181\" class=\"wp-block-gutentor-accordion gutentor-section gutentor-accordion-wrapper accordion-template1\"><div class=\"grid-container\"><div class=\"grid-row gutentor-grid-item-wrap\"><div class=\"grid-md-12\"><div class=\"gutentor-accordion-wrap\"><div class=\"gutentor-single-item gutentor-single-item-0\"><div class=\"gutentor-single-item-wrap\"><div class=\"gutentor-accordion-heading\"><i class=\"gutentor-accordion-icon open-icon fas fa-plus\"><\/i><i class=\"gutentor-accordion-icon close-icon fas fa-minus\"><\/i><h3 class=\"gutentor-single-item-title\">SESJA TEMATYCZNA nr 1<br><strong>Monitorowanie i modelowanie zmian klimatu i \u015brodowiska<\/strong><\/h3><\/div><div class=\"gutentor-accordion-body\"><p class=\"gutentor-single-item-desc\">Monitorowanie wsp\u00f3\u0142czesnych przemian \u015brodowiska przyrodniczego, w tym systematyczne pomiary element\u00f3w klimatycznych i hydrologicznych, s\u0105 jednym z kluczowych nurt\u00f3w badawczych z zakresu nauk o Ziemi. Badania podstawowe, bazuj\u0105ce na monitoringu klimatu i\u00a0\u015brodowiska, wnioskowaniu i predykcji zmian, stanowi\u0105 istotny element rozwoju wsp\u00f3\u0142czesnych spo\u0142ecze\u0144stw i gospodarek. Czy mo\u017cna je prowadzi\u0107 lepiej, sprawniej i\u00a0szybciej? Czy mo\u017cna je bardziej integrowa\u0107 z innymi dyscyplinami nauki? Jakie rozwi\u0105zania i\u00a0narz\u0119dzia stosowa\u0107 i jak gospodarowa\u0107 danymi?<\/p><\/div><\/div><\/div><\/div><div class=\"gutentor-accordion-wrap\"><div class=\"gutentor-single-item gutentor-single-item-1\"><div class=\"gutentor-single-item-wrap\"><div class=\"gutentor-accordion-heading\"><i class=\"gutentor-accordion-icon open-icon fas fa-plus\"><\/i><i class=\"gutentor-accordion-icon close-icon fas fa-minus\"><\/i><h3 class=\"gutentor-single-item-title\">SESJA TEMATYCZNA nr 2<br><strong>Mi\u0119dzy przeciwdzia\u0142aniem a adaptacj\u0105 \u2013 strategie i polityka klimatyczna<\/strong><\/h3><\/div><div class=\"gutentor-accordion-body\"><p class=\"gutentor-single-item-desc\">Polityka klimatyczna oraz strategie przeciwdzia\u0142ania zmianom klimatu wywo\u0142uj\u0105 liczne dyskusje. W \u015bwietle dost\u0119pnej wiedzy o zmianach klimatu, priorytetem jest jego ochrona w\u00a0trosce o warunki \u017cycia przysz\u0142ych pokole\u0144. Jednak pewne kontrowersje budz\u0105 koszty ekonomiczne i gospodarcze ochrony klimatu, wywieraj\u0105ce wp\u0142yw na tworzenie dobrobytu pa\u0144stw i gospodarstw domowych. Jakie strategie obserwujemy w praktyce gospodarczej i jakie mog\u0105 by\u0107 ich skutki? W jaki spos\u00f3b przedsi\u0119biorstwa, politycy i naukowcy kszta\u0142tuj\u0105 nasze postawy i dzia\u0142ania? Jakie s\u0105 strategie optymalizacji koszt\u00f3w i zysk\u00f3w ekologicznych? Czy istnieje jedna polityka klimatyczna, czy te\u017c jej r\u00f3\u017cne odmiany?<\/p><\/div><\/div><\/div><\/div><div class=\"gutentor-accordion-wrap\"><div class=\"gutentor-single-item gutentor-single-item-2\"><div class=\"gutentor-single-item-wrap\"><div class=\"gutentor-accordion-heading\"><i class=\"gutentor-accordion-icon open-icon fas fa-plus\"><\/i><i class=\"gutentor-accordion-icon close-icon fas fa-minus\"><\/i><h3 class=\"gutentor-single-item-title\">SESJA TEMATYCZNA nr 3<br><strong>Rekonstrukcje klimatu w badaniach naukowych<\/strong><\/h3><\/div><div class=\"gutentor-accordion-body\"><p class=\"gutentor-single-item-desc\">Badania ewolucji klimatu w przesz\u0142o\u015bci geologicznej stanowi\u0105 istotne \u017ar\u00f3d\u0142o informacji o\u00a0\u015brodowisku przyrodniczym w r\u00f3\u017cnym wymiarze przestrzennym i w r\u00f3\u017cnych skalach czasowych. Wiedza na temat przyczyn oraz kierunk\u00f3w transformacji paleoklimatu i\u00a0paleo\u015brodowiska stanowi\u0105 kluczowy element bada\u0144 nad wsp\u00f3\u0142czesnym klimatem, a tak\u017ce punkt wyj\u015bcia do predykcji jego przysz\u0142ych zmian. Czy wiedza na temat transformacji klimatu w przesz\u0142o\u015bci pozwala na w\u0142a\u015bciw\u0105 ocen\u0119 wsp\u00f3\u0142czesnych kierunk\u00f3w jego przemian? Czy wnioski z bada\u0144 ewolucji klimatu mog\u0105 stanowi\u0107 baz\u0119 do tworzenia i doskonalenia strategii klimatycznych? Czy rekonstrukcje klimatu mog\u0105 wspiera\u0107 polityk\u0119 klimatyczn\u0105 i wp\u0142ywa\u0107 na jej zmiany?<\/p><\/div><\/div><\/div><\/div><div class=\"gutentor-accordion-wrap\"><div class=\"gutentor-single-item gutentor-single-item-3\"><div class=\"gutentor-single-item-wrap\"><div class=\"gutentor-accordion-heading\"><i class=\"gutentor-accordion-icon open-icon fas fa-plus\"><\/i><i class=\"gutentor-accordion-icon close-icon fas fa-minus\"><\/i><h3 class=\"gutentor-single-item-title\">SESJA TEMATYCZNA nr 4<br><strong>Wp\u0142yw zmian klimatu na rozw\u00f3j i konkurencyjno\u015b\u0107 gospodarek<\/strong><\/h3><\/div><div class=\"gutentor-accordion-body\"><p class=\"gutentor-single-item-desc\">Przedsi\u0119biorstwa i gospodarki maj\u0105 zr\u00f3\u017cnicowany wp\u0142yw na \u015brodowisko naturalne i zmiany klimatu. Zale\u017cy to w du\u017cej mierze od ich bran\u017cy dzia\u0142alno\u015bci i lokalizacji geograficznej. Czynnik ekologiczny wywiera coraz wi\u0119kszy wp\u0142yw na konkurencyjno\u015b\u0107 przedsi\u0119biorstw oraz zapotrzebowanie rynkowe na wytwarzane przez nie produkty. Wynika to z jednej strony z\u00a0konieczno\u015bci spe\u0142nienia okre\u015blonych norm ekologicznych, z drugiej za\u015b \u2013 z rosn\u0105cej \u015bwiadomo\u015bci ekologicznej spo\u0142ecze\u0144stw. Poj\u0119cie trwa\u0142ego i zr\u00f3wnowa\u017conego rozwoju firmy staje si\u0119 jednym z g\u0142\u00f3wnych wyzwa\u0144 konkurencyjnych w globalnej gospodarce. Jakie strategie konkurowania oparte na czynnikach ekologicznych s\u0105 obecnie stosowane przez przedsi\u0119biorc\u00f3w w Polsce i za granic\u0105? Jak zapobiega\u0107 degradacji \u015brodowiska bez ograniczania tempa rozwoju gospodarczego? Czy istniej\u0105 strategie optymalizacji ryzyka ekologicznego w\u00a0procesie wzrostu gospodarczego?<\/p><\/div><\/div><\/div><\/div><div class=\"gutentor-accordion-wrap\"><div class=\"gutentor-single-item gutentor-single-item-4\"><div class=\"gutentor-single-item-wrap\"><div class=\"gutentor-accordion-heading\"><i class=\"gutentor-accordion-icon open-icon fas fa-plus\"><\/i><i class=\"gutentor-accordion-icon close-icon fas fa-minus\"><\/i><h3 class=\"gutentor-single-item-title\">SESJA TEMATYCZNA nr 5<strong><br>Zmiany klimatu a miasta przysz\u0142o\u015bci\u202f<\/strong><\/h3><\/div><div class=\"gutentor-accordion-body\"><p class=\"gutentor-single-item-desc\">Zdecydowana wi\u0119kszo\u015b\u0107 spo\u0142ecze\u0144stw w krajach rozwini\u0119tych mieszka w miastach; w Europie \u2013 ponad dwie trzecie ludno\u015bci. Rozw\u00f3j miast stanowi podstaw\u0119 rozwoju spo\u0142eczno-gospodarczego. Ale miasta generuj\u0105 tak\u017ce liczne problemy spo\u0142eczne oraz ekologiczne, zwi\u0105zane z zanieczyszczeniem powietrza, transportem, produkcj\u0105 odpad\u00f3w i \u015bciek\u00f3w, itd. Niekontrolowany rozw\u00f3j miast, w tym ich infrastruktury; betonowanie i asfaltowanie powierzchni ziemi, ograniczanie i zagospodarowywanie teren\u00f3w zielonych, i inne ingerencje cz\u0142owieka w \u015brodowisko naturalne, zagra\u017caj\u0105 r\u00f3\u017cnorodno\u015bci biologicznej, tworz\u0105 ryzyko okresowego wyst\u0119powania powodzi, jak i ci\u0105g\u0142ych niedobor\u00f3w czystej wody. W jaki spos\u00f3b i\u00a0w jakim kierunku b\u0119d\u0105 si\u0119 rozwija\u0142y miasta? Jak b\u0119dzie organizowany transport zbiorowy oraz ruch indywidualny mieszka\u0144c\u00f3w? W jaki spos\u00f3b przyjmowane strategie rozwoju miast wp\u0142ywaj\u0105 na kondycj\u0119 klimatu i \u015brodowiska? Czy strategie zr\u00f3wnowa\u017conego rozwoju miast i\u00a0<em>smart cities<\/em>, s\u0105 praktyk\u0105, czy tylko teori\u0105?<\/p><\/div><\/div><\/div><\/div><div class=\"gutentor-accordion-wrap\"><div class=\"gutentor-single-item gutentor-single-item-5\"><div class=\"gutentor-single-item-wrap\"><div class=\"gutentor-accordion-heading\"><i class=\"gutentor-accordion-icon open-icon fas fa-plus\"><\/i><i class=\"gutentor-accordion-icon close-icon fas fa-minus\"><\/i><h3 class=\"gutentor-single-item-title\">SESJA TEMATYCZNA nr 6<br><strong>Transformacja energetyczna, zr\u00f3wnowa\u017cony transport i paliwa alternatywne<\/strong><\/h3><\/div><div class=\"gutentor-accordion-body\"><p class=\"gutentor-single-item-desc\">Badania naukowe dotycz\u0105ce zmian klimatu i ich konsekwencji \u015brodowiskowych oraz spo\u0142eczno-gospodarczych, nie pozostawiaj\u0105 w\u0105tpliwo\u015bci co do konieczno\u015bci pilnej i\u00a0konsekwentnej transformacji energetycznej. Wojna w Ukrainie i obecna sytuacja energetyczna, szczeg\u00f3lnie kraj\u00f3w europejskich spowodowa\u0142y konieczno\u015b\u0107 pilnego poszukiwania alternatywnych \u017ar\u00f3de\u0142 energii i rozwoju metod ich przemys\u0142owego wykorzystania. Priorytetem decyzji polityczno-ekonomicznych rz\u0105d\u00f3w sta\u0142o si\u0119 bezpiecze\u0144stwo energetyczne. Zielona transformacja energetyczna, w tym za\u0142o\u017cenie osi\u0105gni\u0119cia neutralno\u015bci klimatycznej do roku 2050 nabieraj\u0105 priorytetowego znaczenia. Bardzo wa\u017cn\u0105 rol\u0119 odgrywa systematyczny wzrost roli paliw alternatywnych wykorzystywanych w transporcie. Inwestycje w nowoczesne technologie zeroemisyjne, optymalizacja zu\u017cycia energii i ochrona klimatu tworz\u0105 najwa\u017cniejsze wyzwania dla naszego pokolenia i przysz\u0142o\u015bci \u015bwiata. Jakie rozwi\u0105zania technologiczne s\u0105 dost\u0119pne? Jakie s\u0105 kierunki transformacji energetycznej? Czy wykorzystanie paliw alternatywnych pozwoli na uzyskanie oczekiwanego tempa wzrostu gospodarczego i zapewnienie konkurencyjno\u015bci przedsi\u0119biorstw i gospodarki?<\/p><\/div><\/div><\/div><\/div><div class=\"gutentor-accordion-wrap\"><div class=\"gutentor-single-item gutentor-single-item-6\"><div class=\"gutentor-single-item-wrap\"><div class=\"gutentor-accordion-heading\"><i class=\"gutentor-accordion-icon open-icon fas fa-plus\"><\/i><i class=\"gutentor-accordion-icon close-icon fas fa-minus\"><\/i><h3 class=\"gutentor-single-item-title\">SESJA TEMATYCZNA nr 7<br><strong>Rola dyplomacji naukowej w kontek\u015bcie zmian klimatycznych<\/strong><\/h3><\/div><div class=\"gutentor-accordion-body\"><p class=\"gutentor-single-item-desc\">Wiedza naukowa i ekspercka jest instrumentem i zasobem polityki mi\u0119dzynarodowej. Dyplomacja naukowa dotyczy dzia\u0142a\u0144 realizowanych na styku polityki zagranicznej oraz polityki naukowej i innowacyjnej pa\u0144stwa, i cz\u0119sto musi pogodzi\u0107 sprzeczne ze sob\u0105 strategie rywalizacji i wsp\u00f3\u0142pracy. Kontekst zmian klimatycznych i rosn\u0105ce znaczenie ochrony klimatu i \u015brodowiska nadaj\u0105 tej wsp\u00f3\u0142pracy szczeg\u00f3ln\u0105 rol\u0119. W jakim zakresie dyplomacja naukowa mo\u017ce wspiera\u0107 zr\u00f3wnowa\u017cony rozw\u00f3j gospodarczy kraju? Czy narz\u0119dzia dyplomacji naukowej mog\u0105 kszta\u0142towa\u0107 polityk\u0119 klimatyczn\u0105 oraz wsp\u00f3\u0142tworzy\u0107 strategie ekologiczne pa\u0144stw i ich gospodarek? W jakim stopniu dyplomacja naukowa mo\u017ce zapobiega\u0107 procesom kradzie\u017cy d\u00f3br intelektualnych i sprzyja\u0107 bezpiecznemu transferowi wiedzy?<\/p><\/div><\/div><\/div><\/div><div class=\"gutentor-accordion-wrap\"><div class=\"gutentor-single-item gutentor-single-item-7\"><div class=\"gutentor-single-item-wrap\"><div class=\"gutentor-accordion-heading\"><i class=\"gutentor-accordion-icon open-icon fas fa-plus\"><\/i><i class=\"gutentor-accordion-icon close-icon fas fa-minus\"><\/i><h3 class=\"gutentor-single-item-title\">SESJA TEMATYCZNA nr 8<br><strong>Zmiany klimatu a bezpiecze\u0144stwo \u017cywno\u015bciowe i wyzwania dla rolnictwa<\/strong><\/h3><\/div><div class=\"gutentor-accordion-body\"><p class=\"gutentor-single-item-desc\">Zmiany klimatu stanowi\u0105 powa\u017cne wyzwanie dla globalnego bezpiecze\u0144stwa \u017cywno\u015bciowego. Ocieplenie klimatu, wahania ilo\u015bci opad\u00f3w i wysoka cz\u0119stotliwo\u015b\u0107 wyst\u0119powania ekstremalnych zjawisk pogodowych \u2013 wywieraj\u0105 drastyczny wp\u0142yw na warunki prowadzenia produkcji ro\u015blinnej i realizacji proces\u00f3w gospodarki \u017cywno\u015bciowej. Pojawiaj\u0105 si\u0119 problemy braku odporno\u015bci ro\u015blin i zwierz\u0105t na oddzia\u0142ywanie czynnik\u00f3w klimatycznych i\u00a0mikrobiologicznych. Rozwijaj\u0105 si\u0119 inwazyjne gatunki ro\u015blin i zwierz\u0105t, zmianom podlegaj\u0105 ca\u0142e ekosystemy i \u015brodowiska produkcji \u017cywno\u015bci. Powierzchniowe ocieplenie wody morskiej i zwi\u0119kszony dop\u0142yw sk\u0142adnik\u00f3w od\u017cywczych z powodu nadmiernego u\u017cycia nawoz\u00f3w sztucznych \u2013 prowadz\u0105 do gromadzenia si\u0119 glon\u00f3w, toksyn, i powstawania ognisk ska\u017cenia w\u00f3d, a tak\u017ce zak\u0142\u00f3cenia naturalnego obiegu wody w \u015brodowisku. Na ile zwi\u0119kszona emisyjno\u015b\u0107 wsp\u00f3\u0142czesnej gospodarki i niekorzystne zmiany klimatyczne wp\u0142ywaj\u0105 na bezpiecze\u0144stwo \u017cywno\u015bciowe kraju? Jak musz\u0105 si\u0119 zmieni\u0107 technologie hodowli zwierz\u0105t i produkcji rolnej, aby ograniczy\u0107 ich niekorzystny wp\u0142yw na \u015brodowisko i zmniejszy\u0107 jego dewastacj\u0119? Jakie zmiany technologiczne lub organizacyjne nale\u017ca\u0142oby wdro\u017cy\u0107, aby zminimalizowa\u0107 wp\u0142yw rolnictwa na \u015brodowisko naturalne?<\/p><\/div><\/div><\/div><\/div><div class=\"gutentor-accordion-wrap\"><div class=\"gutentor-single-item gutentor-single-item-8\"><div class=\"gutentor-single-item-wrap\"><div class=\"gutentor-accordion-heading\"><i class=\"gutentor-accordion-icon open-icon fas fa-plus\"><\/i><i class=\"gutentor-accordion-icon close-icon fas fa-minus\"><\/i><h3 class=\"gutentor-single-item-title\">SESJA TEMATYCZNA nr 9<br><strong>Spo\u0142eczne konsekwencje zmiany klimatu i \u015brodowiska<\/strong><\/h3><\/div><div class=\"gutentor-accordion-body\"><p class=\"gutentor-single-item-desc\">Zmiany klimatu maj\u0105 charakter dualny. Z jednej strony s\u0105 konsekwencj\u0105 proces\u00f3w spo\u0142eczno-gospodarczych, z drugiej za\u015b \u2013zmieniaj\u0105 zasady funkcjonowania spo\u0142ecze\u0144stw i gospodarek. Wywieraj\u0105 wp\u0142yw na zdrowie ludzi i zwierz\u0105t, warunki i jako\u015b\u0107 \u017cycia, tworz\u0105 warunki aktualnego dzia\u0142ania i perspektywy rozwoju w przysz\u0142o\u015bci. Prowadz\u0105 do wykluczenia spo\u0142ecznego oraz \u017cywno\u015bciowego ca\u0142ych spo\u0142ecze\u0144stw, cho\u0107 procesom tym sprzyja tak\u017ce nadprodukcja \u017cywno\u015bci i jej marnotrawstwo. Zmieni\u0142y si\u0119 ca\u0142e ekosystemy, sektory produkcji rolnej, zagro\u017cone jest istnienie niekt\u00f3rych gatunk\u00f3w ro\u015blin i zwierz\u0105t. Obserwujemy pocz\u0105tek procesu migracji \u017cywno\u015bciowej i klimatycznej, stymulowany niestabilno\u015bci\u0105 polityczn\u0105. W jaki spos\u00f3b procesy zmian klimatu i \u015brodowiska oddzia\u0142uj\u0105 na nauki spo\u0142eczne? Czy nauki spo\u0142eczne, ze swoim aparatem poznawczym s\u0105 w stanie spowolni\u0107 lub zatrzyma\u0107 zmiany klimatu? Czy mo\u017cliwe jest lepsze gospodarowanie zasobami naturalnymi z wykorzystaniem metod i narz\u0119dzi nauk spo\u0142ecznych? Czy nauki spo\u0142eczne, analizuj\u0105ce m.in. zachowania popytowe konsument\u00f3w, mog\u0105 przyczyni\u0107 si\u0119 odwr\u00f3cenia niekorzystnych zmian w \u015brodowisku naturalnym i klimacie \u015bwiata?<\/p><\/div><\/div><\/div><\/div><\/div><\/div><\/div><\/section>\n<\/div><\/section>\n","protected":false},"excerpt":{"rendered":"","protected":false},"author":1,"featured_media":0,"parent":0,"menu_order":0,"comment_status":"closed","ping_status":"closed","template":"","meta":{"footnotes":""},"class_list":["post-5092","page","type-page","status-publish","hentry"],"mb":[],"mfb_rest_fields":["title"],"_links":{"self":[{"href":"https:\/\/cereclimen.umcs.pl\/cce-cis-conferences\/edition2022\/index.php?rest_route=\/wp\/v2\/pages\/5092","targetHints":{"allow":["GET"]}}],"collection":[{"href":"https:\/\/cereclimen.umcs.pl\/cce-cis-conferences\/edition2022\/index.php?rest_route=\/wp\/v2\/pages"}],"about":[{"href":"https:\/\/cereclimen.umcs.pl\/cce-cis-conferences\/edition2022\/index.php?rest_route=\/wp\/v2\/types\/page"}],"author":[{"embeddable":true,"href":"https:\/\/cereclimen.umcs.pl\/cce-cis-conferences\/edition2022\/index.php?rest_route=\/wp\/v2\/users\/1"}],"replies":[{"embeddable":true,"href":"https:\/\/cereclimen.umcs.pl\/cce-cis-conferences\/edition2022\/index.php?rest_route=%2Fwp%2Fv2%2Fcomments&post=5092"}],"version-history":[{"count":14,"href":"https:\/\/cereclimen.umcs.pl\/cce-cis-conferences\/edition2022\/index.php?rest_route=\/wp\/v2\/pages\/5092\/revisions"}],"predecessor-version":[{"id":5461,"href":"https:\/\/cereclimen.umcs.pl\/cce-cis-conferences\/edition2022\/index.php?rest_route=\/wp\/v2\/pages\/5092\/revisions\/5461"}],"wp:attachment":[{"href":"https:\/\/cereclimen.umcs.pl\/cce-cis-conferences\/edition2022\/index.php?rest_route=%2Fwp%2Fv2%2Fmedia&parent=5092"}],"curies":[{"name":"wp","href":"https:\/\/api.w.org\/{rel}","templated":true}]}}